{"id":1310,"date":"2019-02-13T11:06:39","date_gmt":"2019-02-13T15:06:39","guid":{"rendered":"https:\/\/pomasqui.gob.ec\/pichincha\/?page_id=1310"},"modified":"2021-03-26T14:29:34","modified_gmt":"2021-03-26T18:29:34","slug":"rendicion-de-cuentas-2019","status":"publish","type":"page","link":"https:\/\/pomasqui.gob.ec\/pichincha\/rendicion-de-cuentas-2019\/","title":{"rendered":"Rendici\u00f3n de Cuentas 2019"},"content":{"rendered":"<p><a href=\"https:\/\/pomasqui.gob.ec\/pichincha\/wp-content\/uploads\/2019\/05\/CONVOCATORIA-A-RENDICION-DE-CUENTAS-DEL-1-AL-14-DE-MAYO-DE-2019.pdf\">CONVOCATORIA A RENDICI\u00d3N DE CUENTAS DEL 1 AL 14 DE MAYO DE 2019<\/a><\/p>\n<p><a href=\"https:\/\/pomasqui.gob.ec\/pichincha\/wp-content\/uploads\/2019\/05\/ENTREGA-CONVOCATORIA-RENDICION-DE-CUENTAS-201.pdf\">ENTREGA CONVOCATORIA RENDICI\u00d3N DE CUENTAS 201<\/a><\/p>\n<p><a href=\"https:\/\/pomasqui.gob.ec\/pichincha\/wp-content\/uploads\/2019\/05\/INVITACION-RENDICION-DE-CUENTAS-2019.pdf\">INVITACI\u00d3N RENDICI\u00d3N DE CUENTAS 2019<\/a><\/p>\n<p style=\"text-align: left;\"><a href=\"https:\/\/pomasqui.gob.ec\/pichincha\/wp-content\/uploads\/2019\/05\/REGISTRO-DE-ASISTENCIA-RENDICION-DE-CUENTAS-2019.pdf\">REGISTRO DE ASISTENCIA RENDICI\u00d3N DE CUENTAS 2019<\/a><\/p>\n<p><a href=\"https:\/\/pomasqui.gob.ec\/pichincha\/wp-content\/uploads\/2019\/05\/ACTA-ASAMBLEA-RENDICI\u00d3N-DE-CUENTAS-2019.pdf\">ACTA ASAMBLEA RENDICI\u00d3N DE CUENTAS 2019<\/a><\/p>\n<p>&nbsp;<\/p>\n<p>&nbsp;<\/p>\n<p><a href=\"https:\/\/pomasqui.gob.ec\/pichincha\/wp-content\/uploads\/2020\/10\/CONV.-RECEP.-Y-RESGITRO-ASIST.-REUNI\u00d2N-DE-TRABAJO-CON-CONSEJO-DE-PLANIFICACION-PARROQUIAL.pdf\">CONV. RECEP. Y RESGISTRO ASIST. REUNI\u00d3N DE TRABAJO CON CONSEJO DE PLANIFICACI\u00d3N PARROQUIAL<\/a><\/p>\n<p><a href=\"https:\/\/pomasqui.gob.ec\/pichincha\/wp-content\/uploads\/2020\/10\/CONV.-RECEP.-Y-REGISTRO-ASIST.-MIEMBROS-GAD-PARROQUIAL-REUNI\u00d2N-DE-TRABAJO.pdf\">CONV. RECEP. Y REGISTRO ASIST. MIEMBROS GAD PARROQUIAL REUNI\u00d3N DE TRABAJO<\/a><\/p>\n<p><a href=\"https:\/\/pomasqui.gob.ec\/pichincha\/wp-content\/uploads\/2020\/10\/ACTA-REUNI\u00d2N-DE-TRABAJO-CON-CONSEJO-DE-PLANIFICACI\u00d2N-PARROQUIAL.pdf\">ACTA REUNI\u00d3N DE TRABAJO CON CONSEJO DE PLANIFICACI\u00d3N PARROQUIAL<\/a><\/p>\n<p><a href=\"https:\/\/pomasqui.gob.ec\/pichincha\/wp-content\/uploads\/2020\/10\/CONV.-RECEP.-Y-REGISTRO-ASIST.-CONSEJO-PLANIFICACION-PARROQUIAL-A-SESION-ORDINARIA-1.pdf\">CONV. RECEP. Y REGISTRO ASIST. CONSEJO PLANIFICACI\u00d3N PARROQUIAL A SESI\u00d3N ORDINARIA<\/a><\/p>\n<p><a href=\"https:\/\/pomasqui.gob.ec\/pichincha\/wp-content\/uploads\/2020\/10\/CONVOCATORIA-RENDICION-DE-CUENTAS-DEL-01-ENERO-AL-31-DICIEMBRE-2019.pdf\">CONVOCATORIA RENDICI\u00d3N DE CUENTAS DEL 01 ENERO AL 31 DICIEMBRE 2019<\/a><\/p>\n<p><a href=\"https:\/\/pomasqui.gob.ec\/pichincha\/wp-content\/uploads\/2020\/11\/ACTA-11-DE-AGOSTO-CONFORMACI\u00d3N-DEL-EQUIPO-TECNICO-MIXTO.pdf\">ACTA 11 DE AGOSTO CONFORMACI\u00d3N DEL EQUIPO T\u00c9CNICO MIXTO<\/a><\/p>\n<p><a href=\"https:\/\/pomasqui.gob.ec\/pichincha\/wp-content\/uploads\/2020\/11\/ACTA-28-DE-SEPTIEMBRE-APROBACI\u00d3N-INFORME-RENDICI\u00d3N-DE-CUENTAS.pdf\">ACTA 28 DE SEPTIEMBRE APROBACI\u00d3N INFORME RENDICI\u00d3N DE CUENTAS<\/a><\/p>\n<p><a href=\"https:\/\/pomasqui.gob.ec\/pichincha\/wp-content\/uploads\/2020\/10\/REGISTRO-ENTREGA-INVITACION-RENDICION-DE-CUENTAS-2019.pdf\">REGISTRO ENTREGA INVITACI\u00d3N RENDICI\u00d3N DE CUENTAS 2019<\/a><\/p>\n<p><a href=\"https:\/\/pomasqui.gob.ec\/pichincha\/wp-content\/uploads\/2020\/10\/INVITACION-RENDICION-DE-CUENTAS-2019-1.pdf\">INVITACI\u00d3N RENDICI\u00d3N DE CUENTAS 2019<\/a><\/p>\n<p><a href=\"https:\/\/pomasqui.gob.ec\/pichincha\/wp-content\/uploads\/2020\/10\/REGISTRO-ASISTENCIA-RENDICION-DE-CUENTAS-2019.pdf\">REGISTRO ASISTENCIA RENDICI\u00d3N DE CUENTAS 2019<\/a><\/p>\n<p><a href=\"https:\/\/pomasqui.gob.ec\/pichincha\/wp-content\/uploads\/2020\/10\/PRESENTACION-RENDICION-DE-CUENTAS-DEL-01-ENERO-AL-31-DICIEMBRE-2019.pdf\">PRESENTACI\u00d3N RENDICI\u00d3N DE CUENTAS DEL 01 ENERO AL 31 DICIEMBRE 2019<\/a><\/p>\n<p><a href=\"https:\/\/pomasqui.gob.ec\/pichincha\/wp-content\/uploads\/2020\/10\/ACTA-ASAMBLEA-RENDICI\u00d3N-DE-CUENTAS-2019.pdf\">ACTA ASAMBLEA RENDICI\u00d3N DE CUENTAS 2019<\/a><\/p>\n<p><a href=\"https:\/\/pomasqui.gob.ec\/pichincha\/wp-content\/uploads\/2020\/11\/ACTA-DE-ENTREGA-MATRICES-PARA-RENDICI\u00d2N-DE-CUENTAS-Y-RCEPCI\u00d2N-DE-LAS-MATRICES-PRESENTADAS-POR-LA-COMUNIDAD_OUT.pdf\">ACTA DE ENTREGA MATRICES PARA RENDICI\u00d3N DE CUENTAS Y RECEPCI\u00d3N DE LAS MATRICES PRESENTADAS POR LA COMUNIDAD<\/a><\/p>\n<p><a href=\"https:\/\/pomasqui.gob.ec\/pichincha\/wp-content\/uploads\/2020\/11\/MEMO-DELEGACI\u00d2N-PARA-SECRETARIA.pdf\">MEMO DELEGACI\u00d3N PARA SECRETARIA<\/a><\/p>\n<p><a href=\"https:\/\/pomasqui.gob.ec\/pichincha\/wp-content\/uploads\/2020\/12\/ENTREGA-DE-INFORMES-DE-RENDICI\u00d2N-DE-CUENTAS-A\u00d1O-2019.pdf\">ENTREGA DE INFORMES DE RENDICI\u00d3N DE CUENTAS A\u00d1O 2019<\/a><\/p>\n<p><a href=\"https:\/\/pomasqui.gob.ec\/pichincha\/wp-content\/uploads\/2021\/03\/CERTIFICADO-DE-PRESENTACI\u00d3N-DE-INFORME-ANUAL-CUMPLIMIENTO-ART.-12-DE-LA-LOTAIP-A\u00d1O-2019.pdf\">CERTIFICADO DE PRESENTACI\u00d3N DE INFORME ANUAL CUMPLIMIENTO ART. 12 DE LA LOTAIP A\u00d1O 2019<\/a><\/p>\n<p><a href=\"https:\/\/pomasqui.gob.ec\/pichincha\/wp-content\/uploads\/2021\/03\/INFORME-DE-RENDICI\u00d3N-DE-CUENTAS-No.-9987-CPCCS-A\u00d1O-2019.pdf\">INFORME DE RENDICI\u00d3N DE CUENTAS No. 9987 CPCCS A\u00d1O 2019<\/a><\/p>\n<p>&nbsp;<\/p>\n<p>&nbsp;<\/p>\n","protected":false},"excerpt":{"rendered":"<p>CONVOCATORIA A RENDICI\u00d3N DE CUENTAS DEL 1 AL 14 DE MAYO DE 2019 ENTREGA CONVOCATORIA RENDICI\u00d3N DE CUENTAS 201 INVITACI\u00d3N RENDICI\u00d3N DE CUENTAS 2019 REGISTRO DE ASISTENCIA RENDICI\u00d3N DE CUENTAS 2019 ACTA ASAMBLEA RENDICI\u00d3N DE CUENTAS 2019 &nbsp; &nbsp; CONV. RECEP. Y RESGISTRO ASIST. REUNI\u00d3N DE TRABAJO CON CONSEJO DE PLANIFICACI\u00d3N PARROQUIAL CONV. RECEP. Y &hellip;<\/p>\n<p class=\"read-more\"> <a class=\"\" href=\"https:\/\/pomasqui.gob.ec\/pichincha\/rendicion-de-cuentas-2019\/\"> <span class=\"screen-reader-text\">Rendici\u00f3n de Cuentas 2019<\/span> Leer m\u00e1s \u00bb<\/a><\/p>\n","protected":false},"author":4,"featured_media":0,"parent":0,"menu_order":0,"comment_status":"closed","ping_status":"closed","template":"","meta":{"site-sidebar-layout":"default","site-content-layout":"","ast-site-content-layout":"","site-content-style":"default","site-sidebar-style":"default","ast-global-header-display":"","ast-banner-title-visibility":"","ast-main-header-display":"","ast-hfb-above-header-display":"","ast-hfb-below-header-display":"","ast-hfb-mobile-header-display":"","site-post-title":"","ast-breadcrumbs-content":"","ast-featured-img":"","footer-sml-layout":"","theme-transparent-header-meta":"","adv-header-id-meta":"","stick-header-meta":"","header-above-stick-meta":"","header-main-stick-meta":"","header-below-stick-meta":"","astra-migrate-meta-layouts":"","footnotes":""},"yst_prominent_words":[174,183,189,191,190,181,180,197,172,158,173,185,184,164,163,156,157,171,194,196],"_links":{"self":[{"href":"https:\/\/pomasqui.gob.ec\/pichincha\/wp-json\/wp\/v2\/pages\/1310"}],"collection":[{"href":"https:\/\/pomasqui.gob.ec\/pichincha\/wp-json\/wp\/v2\/pages"}],"about":[{"href":"https:\/\/pomasqui.gob.ec\/pichincha\/wp-json\/wp\/v2\/types\/page"}],"author":[{"embeddable":true,"href":"https:\/\/pomasqui.gob.ec\/pichincha\/wp-json\/wp\/v2\/users\/4"}],"replies":[{"embeddable":true,"href":"https:\/\/pomasqui.gob.ec\/pichincha\/wp-json\/wp\/v2\/comments?post=1310"}],"version-history":[{"count":28,"href":"https:\/\/pomasqui.gob.ec\/pichincha\/wp-json\/wp\/v2\/pages\/1310\/revisions"}],"predecessor-version":[{"id":3363,"href":"https:\/\/pomasqui.gob.ec\/pichincha\/wp-json\/wp\/v2\/pages\/1310\/revisions\/3363"}],"wp:attachment":[{"href":"https:\/\/pomasqui.gob.ec\/pichincha\/wp-json\/wp\/v2\/media?parent=1310"}],"wp:term":[{"taxonomy":"yst_prominent_words","embeddable":true,"href":"https:\/\/pomasqui.gob.ec\/pichincha\/wp-json\/wp\/v2\/yst_prominent_words?post=1310"}],"curies":[{"name":"wp","href":"https:\/\/api.w.org\/{rel}","templated":true}]}}