{"id":3136,"date":"2021-01-04T21:15:52","date_gmt":"2021-01-05T01:15:52","guid":{"rendered":"https:\/\/pomasqui.gob.ec\/pichincha\/?page_id=3136"},"modified":"2022-10-07T12:39:15","modified_gmt":"2022-10-07T16:39:15","slug":"rendicion-de-cuentas-2021","status":"publish","type":"page","link":"https:\/\/pomasqui.gob.ec\/pichincha\/rendicion-de-cuentas-2021\/","title":{"rendered":"Rendici\u00f3n de Cuentas 2021"},"content":{"rendered":"<p>&nbsp;<\/p>\n<p><a href=\"https:\/\/pomasqui.gob.ec\/pichincha\/wp-content\/uploads\/2022\/09\/MEMO-DELEGACION-SUBIR-INFORMACION-AL-SISTEMA-DEL-CPCCS.pdf\">MEMO DELEGACI\u00d3N SUBIR INFORMACI\u00d3N AL SISTEMA DEL CPCCS<\/a><\/p>\n<p><a href=\"https:\/\/pomasqui.gob.ec\/pichincha\/wp-content\/uploads\/2022\/09\/OFICIO-ENVIO-MATRIZ-A-LA-CIUDADANIA.pdf\">OFICIO ENV\u00cdO MATRIZ A LA CIUDADAN\u00cdA<\/a><\/p>\n<p><a href=\"https:\/\/pomasqui.gob.ec\/pichincha\/wp-content\/uploads\/2022\/09\/MATRICES-RECIBIDAS.pdf\">MATRICES RECIBIDAS<\/a><\/p>\n<p><a href=\"https:\/\/pomasqui.gob.ec\/pichincha\/wp-content\/uploads\/2022\/10\/CONVOCATORIA-ACTA-REGISTRO-ASISTENCIA-REUNION-DE-TRABAJO-CONSEJO-DE-PLANIFICACION-REVISION-MATRICES-CIUDADANAS.pdf\">CONVOCATORIA, ACTA, REGISTRO ASISTENCIA REUNI\u00d3N DE TRABAJO CONSEJO DE PLANIFICACI\u00d3N REVISI\u00d3N MATRICES CIUDADANAS<\/a><\/p>\n<p><a href=\"https:\/\/pomasqui.gob.ec\/pichincha\/wp-content\/uploads\/2022\/10\/CONVOCATORIA-ASAMBLEA-PARROQUIAL-DE-DELIBERACION-PUBLICA-Y-EVALUACION-CIUDADANA-DEL-INFORME-DE-RENDICION-DE-CUENTAS-DEL-1-DE-ENERO-AL-31-DE-DICIEMBRE-2021.pdf\">CONVOCATORIA ASAMBLEA PARROQUIAL DE DELIBERACI\u00d2N P\u00d9BLICA Y EVALUACI\u00d2N CIUDADANA DEL INFORME DE RENDICI\u00d2N DE CUENTAS DEL 1 DE ENERO AL 31 DE DICIEMBRE 2021<\/a><\/p>\n<p><a href=\"https:\/\/pomasqui.gob.ec\/pichincha\/wp-content\/uploads\/2022\/10\/ACTA-ASAMBLEA-PARROQUIAL-DE-DELIBERACION-PUBLICA-Y-EVALUACION-CIUDADANA-DEL-INFORME-DE-RENDICION-DE-CUENTAS-DEL-1-DE-ENERO-AL-31-DE-DICIEMBRE-2021.pdf\">ACTA ASAMBLEA PARROQUIAL DE DELIBERACI\u00d3N P\u00daBLICA Y EVALUACI\u00d3N CIUDADANA DEL INFORME DE RENDICI\u00d3N DE CUENTAS DEL 1 DE ENERO AL 31 DE DICIEMBRE 2021<\/a><\/p>\n<p><a href=\"https:\/\/pomasqui.gob.ec\/pichincha\/wp-content\/uploads\/2022\/08\/INFORME-RENDICION-DE-CUENTAS-DEL-01-ENERO-AL-31-DICIEMBRE-2021.pdf\">INFORME-RENDICION-DE-CUENTAS-DEL-01-ENERO-AL-31-DICIEMBRE-2021<\/a><\/p>\n<p><a href=\"https:\/\/www.facebook.com\/GobiernoDePomasqui\/videos\/360354192565987\">TRANSMISION EN VIVO DELIBERACION PUBLICA Y EVALUACION CIUDADANA DEL INFORME DE RENDICION DE CUENTAS DEL 1 DE ENERO AL 31 DICIEMBRE 2021<\/a><\/p>\n<p>&nbsp;<\/p>\n","protected":false},"excerpt":{"rendered":"<p>&nbsp; MEMO DELEGACI\u00d3N SUBIR INFORMACI\u00d3N AL SISTEMA DEL CPCCS OFICIO ENV\u00cdO MATRIZ A LA CIUDADAN\u00cdA MATRICES RECIBIDAS CONVOCATORIA, ACTA, REGISTRO ASISTENCIA REUNI\u00d3N DE TRABAJO CONSEJO DE PLANIFICACI\u00d3N REVISI\u00d3N MATRICES CIUDADANAS CONVOCATORIA ASAMBLEA PARROQUIAL DE DELIBERACI\u00d2N P\u00d9BLICA Y EVALUACI\u00d2N CIUDADANA DEL INFORME DE RENDICI\u00d2N DE CUENTAS DEL 1 DE ENERO AL 31 DE DICIEMBRE 2021 ACTA &hellip;<\/p>\n<p class=\"read-more\"> <a class=\"\" href=\"https:\/\/pomasqui.gob.ec\/pichincha\/rendicion-de-cuentas-2021\/\"> <span class=\"screen-reader-text\">Rendici\u00f3n de Cuentas 2021<\/span> Leer m\u00e1s \u00bb<\/a><\/p>\n","protected":false},"author":4,"featured_media":0,"parent":0,"menu_order":0,"comment_status":"closed","ping_status":"closed","template":"","meta":{"site-sidebar-layout":"default","site-content-layout":"","ast-site-content-layout":"","site-content-style":"default","site-sidebar-style":"default","ast-global-header-display":"","ast-banner-title-visibility":"","ast-main-header-display":"","ast-hfb-above-header-display":"","ast-hfb-below-header-display":"","ast-hfb-mobile-header-display":"","site-post-title":"","ast-breadcrumbs-content":"","ast-featured-img":"","footer-sml-layout":"","theme-transparent-header-meta":"","adv-header-id-meta":"","stick-header-meta":"","header-above-stick-meta":"","header-main-stick-meta":"","header-below-stick-meta":"","astra-migrate-meta-layouts":"","footnotes":""},"yst_prominent_words":[231,228,179,153,229,162,159,230,227,232,176,152,226],"_links":{"self":[{"href":"https:\/\/pomasqui.gob.ec\/pichincha\/wp-json\/wp\/v2\/pages\/3136"}],"collection":[{"href":"https:\/\/pomasqui.gob.ec\/pichincha\/wp-json\/wp\/v2\/pages"}],"about":[{"href":"https:\/\/pomasqui.gob.ec\/pichincha\/wp-json\/wp\/v2\/types\/page"}],"author":[{"embeddable":true,"href":"https:\/\/pomasqui.gob.ec\/pichincha\/wp-json\/wp\/v2\/users\/4"}],"replies":[{"embeddable":true,"href":"https:\/\/pomasqui.gob.ec\/pichincha\/wp-json\/wp\/v2\/comments?post=3136"}],"version-history":[{"count":14,"href":"https:\/\/pomasqui.gob.ec\/pichincha\/wp-json\/wp\/v2\/pages\/3136\/revisions"}],"predecessor-version":[{"id":5004,"href":"https:\/\/pomasqui.gob.ec\/pichincha\/wp-json\/wp\/v2\/pages\/3136\/revisions\/5004"}],"wp:attachment":[{"href":"https:\/\/pomasqui.gob.ec\/pichincha\/wp-json\/wp\/v2\/media?parent=3136"}],"wp:term":[{"taxonomy":"yst_prominent_words","embeddable":true,"href":"https:\/\/pomasqui.gob.ec\/pichincha\/wp-json\/wp\/v2\/yst_prominent_words?post=3136"}],"curies":[{"name":"wp","href":"https:\/\/api.w.org\/{rel}","templated":true}]}}