{"id":3854,"date":"2022-01-10T11:10:40","date_gmt":"2022-01-10T15:10:40","guid":{"rendered":"https:\/\/pomasqui.gob.ec\/pichincha\/?page_id=3854"},"modified":"2023-06-20T11:18:34","modified_gmt":"2023-06-20T15:18:34","slug":"rendicion-de-cuentas-2022","status":"publish","type":"page","link":"https:\/\/pomasqui.gob.ec\/pichincha\/rendicion-de-cuentas-2022\/","title":{"rendered":"Rendici\u00f3n de Cuentas 2022"},"content":{"rendered":"<p><a href=\"https:\/\/pomasqui.gob.ec\/pichincha\/wp-content\/uploads\/2023\/05\/MEMO-DELEGACION-SUBIR-INFORMACION-AL-SISTEMA-DEL-CPCCS.pdf\">MEMO DELEGACI\u00d3N SUBIR INFORMACI\u00d3N AL SISTEMA DEL CPCCS<\/a><\/p>\n<p><a href=\"https:\/\/pomasqui.gob.ec\/pichincha\/wp-content\/uploads\/2023\/06\/Informe-CPCCS-Institucional-ano-2022-.pdf\">Informe CPCCS &#8211; Institucional a\u00f1o 2022<\/a><\/p>\n<p><a href=\"https:\/\/pomasqui.gob.ec\/pichincha\/wp-content\/uploads\/2023\/06\/CertificadoInformAnual.pdf\">CertificadoInformAnual<\/a><\/p>\n<p><a href=\"https:\/\/pomasqui.gob.ec\/pichincha\/wp-content\/uploads\/2023\/05\/MATRICES-RECIBIDAS-1.pdf\">MATRICES RECIBIDAS<\/a><\/p>\n<p>&nbsp;<\/p>\n<p><a href=\"https:\/\/pomasqui.gob.ec\/pichincha\/wp-content\/uploads\/2023\/05\/CONVOCATORIA-ASAMBLEA-PARROQUIAL-DE-DELIBERACION-PUBLICA-Y-EVALUACION-CIUDADANA-DEL-INFORME-DE-RENDICION-DE-CUENTAS-DEL-1-DE-ENERO-AL-31-DE-DICIEMBRE-2022.pdf\">CONVOCATORIA ASAMBLEA PARROQUIAL DE DELIBERACI\u00d2N P\u00d9BLICA Y EVALUACI\u00d2N CIUDADANA DEL INFORME DE RENDICI\u00d2N DE CUENTAS DEL 1 DE ENERO AL 31 DE DICIEMBRE 2022<\/a><\/p>\n<p>&nbsp;<\/p>\n<p>&nbsp;<\/p>\n<p><a href=\"https:\/\/pomasqui.gob.ec\/pichincha\/wp-content\/uploads\/2023\/05\/INFORME-RENDICION-DE-CUENTAS-DEL-01-ENERO-AL-31-DICIEMBRE-2022.pdf\">INFORME-RENDICION-DE-CUENTAS-DEL-01-ENERO-AL-31-DICIEMBRE-2022<\/a><\/p>\n<p><a href=\"https:\/\/fb.watch\/khgsiN4pcK\/\">TRANSMISION EN VIVO DELIBERACION PUBLICA Y EVALUACION CIUDADANA DEL INFORME DE RENDICION DE CUENTAS DEL 1 DE ENERO AL 31 DICIEMBRE 2022<\/a><\/p>\n<p>&nbsp;<\/p>\n","protected":false},"excerpt":{"rendered":"<p>MEMO DELEGACI\u00d3N SUBIR INFORMACI\u00d3N AL SISTEMA DEL CPCCS Informe CPCCS &#8211; Institucional a\u00f1o 2022 CertificadoInformAnual MATRICES RECIBIDAS &nbsp; CONVOCATORIA ASAMBLEA PARROQUIAL DE DELIBERACI\u00d2N P\u00d9BLICA Y EVALUACI\u00d2N CIUDADANA DEL INFORME DE RENDICI\u00d2N DE CUENTAS DEL 1 DE ENERO AL 31 DE DICIEMBRE 2022 &nbsp; &nbsp; INFORME-RENDICION-DE-CUENTAS-DEL-01-ENERO-AL-31-DICIEMBRE-2022 TRANSMISION EN VIVO DELIBERACION PUBLICA Y EVALUACION CIUDADANA DEL INFORME &hellip;<\/p>\n<p class=\"read-more\"> <a class=\"\" href=\"https:\/\/pomasqui.gob.ec\/pichincha\/rendicion-de-cuentas-2022\/\"> <span class=\"screen-reader-text\">Rendici\u00f3n de Cuentas 2022<\/span> Leer m\u00e1s \u00bb<\/a><\/p>\n","protected":false},"author":4,"featured_media":0,"parent":0,"menu_order":0,"comment_status":"closed","ping_status":"closed","template":"","meta":{"site-sidebar-layout":"default","site-content-layout":"","ast-site-content-layout":"","site-content-style":"default","site-sidebar-style":"default","ast-global-header-display":"","ast-banner-title-visibility":"","ast-main-header-display":"","ast-hfb-above-header-display":"","ast-hfb-below-header-display":"","ast-hfb-mobile-header-display":"","site-post-title":"","ast-breadcrumbs-content":"","ast-featured-img":"","footer-sml-layout":"","theme-transparent-header-meta":"","adv-header-id-meta":"","stick-header-meta":"","header-above-stick-meta":"","header-main-stick-meta":"","header-below-stick-meta":"","astra-migrate-meta-layouts":"","footnotes":""},"yst_prominent_words":[231,228,179,153,229,159,230,227,232,176,152],"_links":{"self":[{"href":"https:\/\/pomasqui.gob.ec\/pichincha\/wp-json\/wp\/v2\/pages\/3854"}],"collection":[{"href":"https:\/\/pomasqui.gob.ec\/pichincha\/wp-json\/wp\/v2\/pages"}],"about":[{"href":"https:\/\/pomasqui.gob.ec\/pichincha\/wp-json\/wp\/v2\/types\/page"}],"author":[{"embeddable":true,"href":"https:\/\/pomasqui.gob.ec\/pichincha\/wp-json\/wp\/v2\/users\/4"}],"replies":[{"embeddable":true,"href":"https:\/\/pomasqui.gob.ec\/pichincha\/wp-json\/wp\/v2\/comments?post=3854"}],"version-history":[{"count":8,"href":"https:\/\/pomasqui.gob.ec\/pichincha\/wp-json\/wp\/v2\/pages\/3854\/revisions"}],"predecessor-version":[{"id":5992,"href":"https:\/\/pomasqui.gob.ec\/pichincha\/wp-json\/wp\/v2\/pages\/3854\/revisions\/5992"}],"wp:attachment":[{"href":"https:\/\/pomasqui.gob.ec\/pichincha\/wp-json\/wp\/v2\/media?parent=3854"}],"wp:term":[{"taxonomy":"yst_prominent_words","embeddable":true,"href":"https:\/\/pomasqui.gob.ec\/pichincha\/wp-json\/wp\/v2\/yst_prominent_words?post=3854"}],"curies":[{"name":"wp","href":"https:\/\/api.w.org\/{rel}","templated":true}]}}