{"id":5433,"date":"2022-12-31T11:03:06","date_gmt":"2022-12-31T15:03:06","guid":{"rendered":"https:\/\/pomasqui.gob.ec\/pichincha\/?page_id=5433"},"modified":"2024-12-09T13:07:52","modified_gmt":"2024-12-09T17:07:52","slug":"rendicion-de-cuentas-2023","status":"publish","type":"page","link":"https:\/\/pomasqui.gob.ec\/pichincha\/rendicion-de-cuentas-2023\/","title":{"rendered":"Rendici\u00f3n de cuentas 2023"},"content":{"rendered":"<p>Rendici\u00f3n de cuentas 2023<\/p>\n<p><a href=\"https:\/\/pomasqui.gob.ec\/pichincha\/wp-content\/uploads\/2024\/11\/PDOT-Pomasqui_actualizacion-2023-2027.pdf\">PDOT Pomasqui_actualizacion 2023-2027<\/a><\/p>\n<p><a href=\"https:\/\/pomasqui.gob.ec\/pichincha\/wp-content\/uploads\/2024\/03\/PDYOT-POMASQUI-2020-2023-ALINEACION-PND-2021-2025.pdf\">PDYOT POMASQUI 2020-2023 ALINEACION PND 2021-2025<\/a><\/p>\n<p><a href=\"https:\/\/pomasqui.gob.ec\/pichincha\/wp-content\/uploads\/2024\/02\/Plan-de-Campana-Irina-Mora-2023-2027.pdf\">Plan de Campa\u00f1a Irina Mora 2023-2027<\/a><\/p>\n<p><a href=\"https:\/\/pomasqui.gob.ec\/pichincha\/wp-content\/uploads\/2024\/02\/Plan-Operativo-Anual-2023.pdf\">Plan Operativo Anual 2023<\/a><\/p>\n<p><a href=\"https:\/\/pomasqui.gob.ec\/pichincha\/wp-content\/uploads\/2024\/02\/Presupuesto-Institucional-y-Participativo.pdf\">Presupuesto Institucional y Participativo<\/a><\/p>\n<p><a href=\"https:\/\/pomasqui.gob.ec\/pichincha\/wp-content\/uploads\/2024\/03\/Consulta-Ciudadana-Redicion-de-Cuentas-2023.pdf\">Consulta Ciudadana Redici\u00f3n de Cuentas 2023<\/a><\/p>\n<p><a href=\"https:\/\/pomasqui.gob.ec\/pichincha\/wp-content\/uploads\/2024\/06\/Acta-de-conformacion-de-equipos-tecnicos.pdf\">Acta de conformaci\u00f3n de equipos t\u00e9cnicos<\/a><\/p>\n<p><a href=\"https:\/\/pomasqui.gob.ec\/pichincha\/wp-content\/uploads\/2024\/05\/Informe-de-Rendicion-de-Cuentas-Pomasqui-2023-1.pdf\">Informe de Rendici\u00f3n de Cuentas Pomasqui 2023<\/a><\/p>\n<p><a href=\"https:\/\/pomasqui.gob.ec\/pichincha\/wp-content\/uploads\/2024\/06\/PLAN-DE-TRABAJO-PARA-INCORPORAR-SUGERENCIAS-CIUDADADANAS-EN-LA-GESTION.pdf\">PLAN DE TRABAJO PARA INCORPORAR SUGERENCIAS CIUDADADANAS EN LA GESTION<\/a><\/p>\n<p><a href=\"https:\/\/pomasqui.gob.ec\/pichincha\/wp-content\/uploads\/2024\/06\/SOLICITUD-DE-APROBACION-PLAN-DE-TRABAJO-DE-RENDICION-DE-CUENTAS-2023.pdf\">SOLICITUD DE APROBACI\u00d3N PLAN DE TRABAJO DE RENDICI\u00d3N DE CUENTAS 2023<\/a><\/p>\n<p><a href=\"https:\/\/pomasqui.gob.ec\/pichincha\/wp-content\/uploads\/2024\/06\/APROBACION-DEL-PLAN-DE-TRABAJO-DE-LA-RENDICION-DE-CUENTAS-2023.pdf\">APROBACI\u00d3N DEL PLAN DE TRABAJO DE LA RENDICI\u00d3N DE CUENTAS 2023<\/a><\/p>\n<p><a href=\"https:\/\/pomasqui.gob.ec\/pichincha\/wp-content\/uploads\/2024\/06\/OFICIO-DE-CONOCIMIENTO-DEL-PLAN-DE-TRABAJO-DE-LA-RENDICION-DE-CUENTAS-2023.pdf\">OFICIO DE CONOCIMIENTO DEL PLAN DE TRABAJO DE LA RENDICI\u00d3N DE CUENTAS 2023<\/a><\/p>\n<p><a href=\"https:\/\/pomasqui.gob.ec\/pichincha\/wp-content\/uploads\/2024\/06\/DISPOSICION-A-LAS-OBSERVACIONES-EMITIDAS-POR-LA-CONTRALORIA-GENERAL-DEL-ESTADO.pdf\">DISPOSICI\u00d3N A LAS OBSERVACIONES EMITIDAS POR LA CONTRALOR\u00cdA GENERAL DEL ESTADO<\/a><\/p>\n<p><a href=\"https:\/\/pomasqui.gob.ec\/pichincha\/wp-content\/uploads\/2024\/06\/Priorizacion-de-obras-GAD-POMASQUI-2023.pdf\">Priorizaci\u00f3n de obras GAD POMASQUI 2023<\/a><\/p>\n<p><a href=\"https:\/\/pomasqui.gob.ec\/pichincha\/wp-content\/uploads\/2024\/06\/Convocatoria-a-la-Asamblea-de-Pomasqui.pdf\">Convocatoria a la Asamblea de Pomasqui<\/a><\/p>\n<p><a href=\"https:\/\/pomasqui.gob.ec\/pichincha\/wp-content\/uploads\/2024\/06\/Acta-de-conformacion-para-integrar-el-Consejo-de-Planificacion-de-la-Parroquia-Rural-de-Pomasqui.pdf\">Acta de conformaci\u00f3n para integrar el Consejo de Planificaci\u00f3n de la Parroquia Rural de Pomasqui<\/a><\/p>\n<p><a href=\"https:\/\/pomasqui.gob.ec\/pichincha\/wp-content\/uploads\/2024\/06\/Acta-de-reunion-para-evaluacion-y-revision-de-la-gestion-institucional.pdf\">Acta de reuni\u00f3n para evaluaci\u00f3n y revisi\u00f3n de la gesti\u00f3n institucional<\/a><\/p>\n<p><a href=\"https:\/\/pomasqui.gob.ec\/pichincha\/wp-content\/uploads\/2024\/06\/Conocimiento-Plan-de-trabajo-Consejo-de-Planificacion.pdf\">Conocimiento Plan de trabajo Consejo de Planificaci\u00f3n<\/a><\/p>\n<p><a href=\"https:\/\/pomasqui.gob.ec\/pichincha\/wp-content\/uploads\/2024\/06\/Difusion-de-informe-de-rendicion-de-cuentas-a-Presidentes-Barriales-e-invitacion-a-deliberacion-publica.pdf\">Difusi\u00f3n de informe de rendici\u00f3n de cuentas a Presidentes Barriales e invitaci\u00f3n a deliberaci\u00f3n p\u00fablica<\/a><\/p>\n<p><a href=\"https:\/\/pomasqui.gob.ec\/pichincha\/wp-content\/uploads\/2024\/06\/Sugerencias-ciudadanas.pdf\">Sugerencias ciudadanas<\/a><\/p>\n<p><a href=\"https:\/\/pomasqui.gob.ec\/pichincha\/wp-content\/uploads\/2024\/06\/APROBACION-INFORME-DE-RENDICION-DE-CUENTAS-signed.pdf\">APROBACI\u00d3N INFORME DE RENDICI\u00d3N DE CUENTAS-signed<\/a><\/p>\n<p><a href=\"https:\/\/pomasqui.gob.ec\/pichincha\/wp-content\/uploads\/2024\/06\/CEDULAS-PRESUPUESTARIAS.pdf\">C\u00c9DULAS PRESUPUESTARIAS<\/a><\/p>\n<p><a href=\"https:\/\/pomasqui.gob.ec\/pichincha\/wp-content\/uploads\/2024\/06\/CONOCIMIENTO-PLAN-DE-TRABAJO.pdf\">CONOCIMIENTO PLAN DE TRABAJO<\/a><\/p>\n<p><a href=\"https:\/\/pomasqui.gob.ec\/pichincha\/wp-content\/uploads\/2024\/12\/Informe-Rendicion-de-Cuentas-CPCCS_2023.pdf\">Informe Rendici\u00f3n de Cuentas CPCCS_2023<\/a><\/p>\n","protected":false},"excerpt":{"rendered":"<p>Rendici\u00f3n de cuentas 2023 PDOT Pomasqui_actualizacion 2023-2027 PDYOT POMASQUI 2020-2023 ALINEACION PND 2021-2025 Plan de Campa\u00f1a Irina Mora 2023-2027 Plan Operativo Anual 2023 Presupuesto Institucional y Participativo Consulta Ciudadana Redici\u00f3n de Cuentas 2023 Acta de conformaci\u00f3n de equipos t\u00e9cnicos Informe de Rendici\u00f3n de Cuentas Pomasqui 2023 PLAN DE TRABAJO PARA INCORPORAR SUGERENCIAS CIUDADADANAS EN LA &hellip;<\/p>\n<p class=\"read-more\"> <a class=\"\" href=\"https:\/\/pomasqui.gob.ec\/pichincha\/rendicion-de-cuentas-2023\/\"> <span class=\"screen-reader-text\">Rendici\u00f3n de cuentas 2023<\/span> Leer m\u00e1s \u00bb<\/a><\/p>\n","protected":false},"author":4,"featured_media":0,"parent":0,"menu_order":0,"comment_status":"closed","ping_status":"closed","template":"","meta":{"site-sidebar-layout":"no-sidebar","site-content-layout":"page-builder","ast-site-content-layout":"full-width-container","site-content-style":"default","site-sidebar-style":"default","ast-global-header-display":"","ast-banner-title-visibility":"","ast-main-header-display":"","ast-hfb-above-header-display":"","ast-hfb-below-header-display":"","ast-hfb-mobile-header-display":"","site-post-title":"disabled","ast-breadcrumbs-content":"","ast-featured-img":"disabled","footer-sml-layout":"","theme-transparent-header-meta":"default","adv-header-id-meta":"","stick-header-meta":"","header-above-stick-meta":"","header-main-stick-meta":"","header-below-stick-meta":"","astra-migrate-meta-layouts":"set","footnotes":""},"yst_prominent_words":[159,152,245,236,39,161,156],"_links":{"self":[{"href":"https:\/\/pomasqui.gob.ec\/pichincha\/wp-json\/wp\/v2\/pages\/5433"}],"collection":[{"href":"https:\/\/pomasqui.gob.ec\/pichincha\/wp-json\/wp\/v2\/pages"}],"about":[{"href":"https:\/\/pomasqui.gob.ec\/pichincha\/wp-json\/wp\/v2\/types\/page"}],"author":[{"embeddable":true,"href":"https:\/\/pomasqui.gob.ec\/pichincha\/wp-json\/wp\/v2\/users\/4"}],"replies":[{"embeddable":true,"href":"https:\/\/pomasqui.gob.ec\/pichincha\/wp-json\/wp\/v2\/comments?post=5433"}],"version-history":[{"count":82,"href":"https:\/\/pomasqui.gob.ec\/pichincha\/wp-json\/wp\/v2\/pages\/5433\/revisions"}],"predecessor-version":[{"id":8039,"href":"https:\/\/pomasqui.gob.ec\/pichincha\/wp-json\/wp\/v2\/pages\/5433\/revisions\/8039"}],"wp:attachment":[{"href":"https:\/\/pomasqui.gob.ec\/pichincha\/wp-json\/wp\/v2\/media?parent=5433"}],"wp:term":[{"taxonomy":"yst_prominent_words","embeddable":true,"href":"https:\/\/pomasqui.gob.ec\/pichincha\/wp-json\/wp\/v2\/yst_prominent_words?post=5433"}],"curies":[{"name":"wp","href":"https:\/\/api.w.org\/{rel}","templated":true}]}}