{"id":6191,"date":"2023-07-26T14:04:57","date_gmt":"2023-07-26T18:04:57","guid":{"rendered":"https:\/\/pomasqui.gob.ec\/pichincha\/?page_id=6191"},"modified":"2024-11-20T17:45:21","modified_gmt":"2024-11-20T21:45:21","slug":"el-gad","status":"publish","type":"page","link":"https:\/\/pomasqui.gob.ec\/pichincha\/el-gad\/","title":{"rendered":"El GAD"},"content":{"rendered":"\t\t<div data-elementor-type=\"wp-page\" data-elementor-id=\"6191\" class=\"elementor elementor-6191\" data-elementor-post-type=\"page\">\n\t\t\t\t\t\t\t\t\t<section class=\"elementor-section elementor-top-section elementor-element elementor-element-218ac03 elementor-section-height-min-height elementor-section-content-middle elementor-section-boxed elementor-section-height-default elementor-section-items-middle\" data-id=\"218ac03\" data-element_type=\"section\" data-settings=\"{&quot;background_background&quot;:&quot;classic&quot;}\">\n\t\t\t\t\t\t\t<div class=\"elementor-background-overlay\"><\/div>\n\t\t\t\t\t\t\t<div class=\"elementor-container elementor-column-gap-wider\">\n\t\t\t\t\t<div class=\"elementor-column elementor-col-100 elementor-top-column elementor-element elementor-element-2b51020\" data-id=\"2b51020\" data-element_type=\"column\">\n\t\t\t<div class=\"elementor-widget-wrap elementor-element-populated\">\n\t\t\t\t\t\t\t\t<div class=\"elementor-element elementor-element-183c1de elementor-widget elementor-widget-heading\" data-id=\"183c1de\" data-element_type=\"widget\" data-widget_type=\"heading.default\">\n\t\t\t\t<div class=\"elementor-widget-container\">\n\t\t\t<h1 class=\"elementor-heading-title elementor-size-default\">EL GAD<\/h1>\t\t<\/div>\n\t\t\t\t<\/div>\n\t\t\t\t<div class=\"elementor-element elementor-element-f4e99de elementor-widget elementor-widget-heading\" data-id=\"f4e99de\" data-element_type=\"widget\" data-widget_type=\"heading.default\">\n\t\t\t\t<div class=\"elementor-widget-container\">\n\t\t\t<h3 class=\"elementor-heading-title elementor-size-default\">Gobierno Aut\u00f3nomo Descentralizado de la Parroquia de Pomasqui<\/h3>\t\t<\/div>\n\t\t\t\t<\/div>\n\t\t\t\t<div class=\"elementor-element elementor-element-c130b6a elementor-widget-divider--view-line elementor-widget elementor-widget-divider\" data-id=\"c130b6a\" data-element_type=\"widget\" data-widget_type=\"divider.default\">\n\t\t\t\t<div class=\"elementor-widget-container\">\n\t\t\t\t\t<div class=\"elementor-divider\">\n\t\t\t<span class=\"elementor-divider-separator\">\n\t\t\t\t\t\t<\/span>\n\t\t<\/div>\n\t\t\t\t<\/div>\n\t\t\t\t<\/div>\n\t\t\t\t\t<\/div>\n\t\t<\/div>\n\t\t\t\t\t\t\t<\/div>\n\t\t<\/section>\n\t\t\t\t<section class=\"elementor-section elementor-top-section elementor-element elementor-element-78a96cf5 elementor-section-content-middle elementor-section-boxed elementor-section-height-default elementor-section-height-default\" data-id=\"78a96cf5\" data-element_type=\"section\" data-settings=\"{&quot;background_background&quot;:&quot;classic&quot;}\">\n\t\t\t\t\t\t<div class=\"elementor-container elementor-column-gap-no\">\n\t\t\t\t\t<div class=\"elementor-column elementor-col-100 elementor-top-column elementor-element elementor-element-1368a0b0\" data-id=\"1368a0b0\" data-element_type=\"column\">\n\t\t\t<div class=\"elementor-widget-wrap elementor-element-populated\">\n\t\t\t\t\t\t\t\t<div class=\"elementor-element elementor-element-20240621 elementor-widget elementor-widget-heading\" data-id=\"20240621\" data-element_type=\"widget\" data-widget_type=\"heading.default\">\n\t\t\t\t<div class=\"elementor-widget-container\">\n\t\t\t<h4 class=\"elementor-heading-title elementor-size-default\">Desarrollo con Identidad<\/h4>\t\t<\/div>\n\t\t\t\t<\/div>\n\t\t\t\t<div class=\"elementor-element elementor-element-282e9e76 elementor-widget elementor-widget-text-editor\" data-id=\"282e9e76\" data-element_type=\"widget\" data-widget_type=\"text-editor.default\">\n\t\t\t\t<div class=\"elementor-widget-container\">\n\t\t\t\t\t\t\t<p>Nuestro lema resume el compromiso del Gobierno Aut\u00f3nomo Descentralizado de Pomasqui con un progreso equitativo, donde el bienestar de cada persona y el respeto por sus antepasados se conjugan armoniosamente con las oportunidades del ma\u00f1ana. Es un llamado a avanzar con paso firme hacia el futuro sin dejar atr\u00e1s la esencia de quienes somos, porque solo comprendiendo de d\u00f3nde partimos, podremos alcanzar las alturas m\u00e1s elevadas de un futuro brillante y prometedor.<\/p>\t\t\t\t\t\t<\/div>\n\t\t\t\t<\/div>\n\t\t\t\t\t<\/div>\n\t\t<\/div>\n\t\t\t\t\t\t\t<\/div>\n\t\t<\/section>\n\t\t\t\t<section class=\"elementor-section elementor-top-section elementor-element elementor-element-a8a7690 elementor-section-content-middle elementor-reverse-mobile elementor-section-boxed elementor-section-height-default elementor-section-height-default\" data-id=\"a8a7690\" data-element_type=\"section\">\n\t\t\t\t\t\t\t<div class=\"elementor-background-overlay\"><\/div>\n\t\t\t\t\t\t\t<div class=\"elementor-container elementor-column-gap-no\">\n\t\t\t\t\t<div class=\"elementor-column elementor-col-50 elementor-top-column elementor-element elementor-element-1a729b0\" data-id=\"1a729b0\" data-element_type=\"column\">\n\t\t\t<div class=\"elementor-widget-wrap elementor-element-populated\">\n\t\t\t\t\t\t\t\t<div class=\"elementor-element elementor-element-5bb133d elementor-widget elementor-widget-text-editor\" data-id=\"5bb133d\" data-element_type=\"widget\" data-widget_type=\"text-editor.default\">\n\t\t\t\t<div class=\"elementor-widget-container\">\n\t\t\t\t\t\t\t<p style=\"text-align: justify;\">El Gobierno Aut\u00f3nomo Descentralizado de la Parroquia de Pomasqui (GAD) representa la piedra angular de la gesti\u00f3n local, enfocada en un crecimiento econ\u00f3mico responsable que honra el pasado y abraza el futuro con valent\u00eda. \u00abDesarrollo con Identidad\u00bb es m\u00e1s que un lema; es una filosof\u00eda que gu\u00eda cada acci\u00f3n y decisi\u00f3n tomada por este cuerpo de gobierno.<\/p><p style=\"text-align: justify;\">En busca del progreso, el GAD de Pomasqui busca potenciar sus recursos naturales y humanos de manera sostenible. Las bases de su planificaci\u00f3n y estrategias siempre parten del conocimiento profundo de su identidad como comunidad. Reconocen con orgullo sus or\u00edgenes y la historia que los define, valorando la riqueza cultural y las tradiciones que se han transmitido de generaci\u00f3n en generaci\u00f3n.<\/p><p style=\"text-align: justify;\">El enfoque del desarrollo econ\u00f3mico en Pomasqui se mantiene arraigado a su cultura, el arte, el comercio y la producci\u00f3n artesanal que durante a\u00f1os ha sustentado a sus habitantes. Al mismo tiempo, el GAD impulsa iniciativas innovadoras y emprendimientos locales, promoviendo la generaci\u00f3n de empleo y la mejora de las condiciones de vida de su poblaci\u00f3n.<\/p><p style=\"text-align: justify;\">En cada proyecto, la comunidad es protagonista; sus voces son escuchadas y sus ideas tomadas en cuenta. El GAD de Pomasqui trabaja en estrecha colaboraci\u00f3n con las asociaciones y grupos locales, reconociendo que la participaci\u00f3n ciudadana es un pilar esencial para lograr un desarrollo real y significativo.<\/p>\t\t\t\t\t\t<\/div>\n\t\t\t\t<\/div>\n\t\t\t\t\t<\/div>\n\t\t<\/div>\n\t\t\t\t<div class=\"elementor-column elementor-col-50 elementor-top-column elementor-element elementor-element-73c2a93\" data-id=\"73c2a93\" data-element_type=\"column\">\n\t\t\t<div class=\"elementor-widget-wrap elementor-element-populated\">\n\t\t\t\t\t\t\t\t<div class=\"elementor-element elementor-element-bd5a155 elementor-widget elementor-widget-image\" data-id=\"bd5a155\" data-element_type=\"widget\" data-widget_type=\"image.default\">\n\t\t\t\t<div class=\"elementor-widget-container\">\n\t\t\t\t\t\t\t\t\t\t\t\t\t\t\t<img fetchpriority=\"high\" decoding=\"async\" width=\"800\" height=\"1030\" src=\"https:\/\/pomasqui.gob.ec\/pichincha\/wp-content\/uploads\/2023\/07\/pomasqui-gad-yumbo-01.jpg\" class=\"attachment-full size-full wp-image-6199\" alt=\"\" srcset=\"https:\/\/pomasqui.gob.ec\/pichincha\/wp-content\/uploads\/2023\/07\/pomasqui-gad-yumbo-01.jpg 800w, https:\/\/pomasqui.gob.ec\/pichincha\/wp-content\/uploads\/2023\/07\/pomasqui-gad-yumbo-01-550x708.jpg 550w, https:\/\/pomasqui.gob.ec\/pichincha\/wp-content\/uploads\/2023\/07\/pomasqui-gad-yumbo-01-795x1024.jpg 795w, https:\/\/pomasqui.gob.ec\/pichincha\/wp-content\/uploads\/2023\/07\/pomasqui-gad-yumbo-01-768x989.jpg 768w\" sizes=\"(max-width: 800px) 100vw, 800px\" \/>\t\t\t\t\t\t\t\t\t\t\t\t\t\t\t<\/div>\n\t\t\t\t<\/div>\n\t\t\t\t\t<\/div>\n\t\t<\/div>\n\t\t\t\t\t\t\t<\/div>\n\t\t<\/section>\n\t\t\t\t<section class=\"elementor-section elementor-top-section elementor-element elementor-element-5e899ba elementor-section-content-middle elementor-section-boxed elementor-section-height-default elementor-section-height-default\" data-id=\"5e899ba\" data-element_type=\"section\" data-settings=\"{&quot;background_background&quot;:&quot;classic&quot;}\">\n\t\t\t\t\t\t<div class=\"elementor-container elementor-column-gap-no\">\n\t\t\t\t\t<div class=\"elementor-column elementor-col-100 elementor-top-column elementor-element elementor-element-2e2071a\" data-id=\"2e2071a\" data-element_type=\"column\">\n\t\t\t<div class=\"elementor-widget-wrap elementor-element-populated\">\n\t\t\t\t\t\t\t\t<div class=\"elementor-element elementor-element-a1cc3bd elementor-widget elementor-widget-heading\" data-id=\"a1cc3bd\" data-element_type=\"widget\" data-widget_type=\"heading.default\">\n\t\t\t\t<div class=\"elementor-widget-container\">\n\t\t\t<h4 class=\"elementor-heading-title elementor-size-default\">Miembros del Gobierno Parroquial<\/h4>\t\t<\/div>\n\t\t\t\t<\/div>\n\t\t\t\t<div class=\"elementor-element elementor-element-1e4b0bc elementor-widget elementor-widget-text-editor\" data-id=\"1e4b0bc\" data-element_type=\"widget\" data-widget_type=\"text-editor.default\">\n\t\t\t\t<div class=\"elementor-widget-container\">\n\t\t\t\t\t\t\t<p>DIRECTIVOS DEL GOBIERNO PARROQUIAL<\/p>\t\t\t\t\t\t<\/div>\n\t\t\t\t<\/div>\n\t\t\t\t\t<\/div>\n\t\t<\/div>\n\t\t\t\t\t\t\t<\/div>\n\t\t<\/section>\n\t\t\t\t<section class=\"elementor-section elementor-top-section elementor-element elementor-element-25b72db elementor-section-content-middle elementor-reverse-mobile elementor-section-boxed elementor-section-height-default elementor-section-height-default\" data-id=\"25b72db\" data-element_type=\"section\">\n\t\t\t\t\t\t\t<div class=\"elementor-background-overlay\"><\/div>\n\t\t\t\t\t\t\t<div class=\"elementor-container elementor-column-gap-no\">\n\t\t\t\t\t<div class=\"elementor-column elementor-col-50 elementor-top-column elementor-element elementor-element-7d0c5d7\" data-id=\"7d0c5d7\" data-element_type=\"column\">\n\t\t\t<div class=\"elementor-widget-wrap elementor-element-populated\">\n\t\t\t\t\t\t\t\t<div class=\"elementor-element elementor-element-4f08cc8 elementor-widget elementor-widget-image\" data-id=\"4f08cc8\" data-element_type=\"widget\" data-widget_type=\"image.default\">\n\t\t\t\t<div class=\"elementor-widget-container\">\n\t\t\t\t\t\t\t\t\t\t\t\t\t\t\t<img decoding=\"async\" width=\"1600\" height=\"1066\" src=\"https:\/\/pomasqui.gob.ec\/pichincha\/wp-content\/uploads\/2023\/07\/pomasqui-funcionarios-gad.jpg\" class=\"attachment-full size-full wp-image-6243\" alt=\"\" srcset=\"https:\/\/pomasqui.gob.ec\/pichincha\/wp-content\/uploads\/2023\/07\/pomasqui-funcionarios-gad.jpg 1600w, https:\/\/pomasqui.gob.ec\/pichincha\/wp-content\/uploads\/2023\/07\/pomasqui-funcionarios-gad-550x366.jpg 550w, https:\/\/pomasqui.gob.ec\/pichincha\/wp-content\/uploads\/2023\/07\/pomasqui-funcionarios-gad-1024x682.jpg 1024w, https:\/\/pomasqui.gob.ec\/pichincha\/wp-content\/uploads\/2023\/07\/pomasqui-funcionarios-gad-768x512.jpg 768w, https:\/\/pomasqui.gob.ec\/pichincha\/wp-content\/uploads\/2023\/07\/pomasqui-funcionarios-gad-1536x1023.jpg 1536w\" sizes=\"(max-width: 1600px) 100vw, 1600px\" \/>\t\t\t\t\t\t\t\t\t\t\t\t\t\t\t<\/div>\n\t\t\t\t<\/div>\n\t\t\t\t\t<\/div>\n\t\t<\/div>\n\t\t\t\t<div class=\"elementor-column elementor-col-50 elementor-top-column elementor-element elementor-element-7d07fc9\" data-id=\"7d07fc9\" data-element_type=\"column\">\n\t\t\t<div class=\"elementor-widget-wrap elementor-element-populated\">\n\t\t\t\t\t\t\t\t<div class=\"elementor-element elementor-element-011c97c elementor-widget__width-initial elementor-widget elementor-widget-text-editor\" data-id=\"011c97c\" data-element_type=\"widget\" data-widget_type=\"text-editor.default\">\n\t\t\t\t<div class=\"elementor-widget-container\">\n\t\t\t\t\t\t\t<h6><strong>Esp. Irina Mora<\/strong><br \/>PRESIDENTA<\/h6><h6><strong>Sr. Xavier Arias<\/strong><br \/>VICEPRESIDENTE<\/h6><h6><strong>Lcda. Johana C\u00f3rdova<\/strong><br \/>VOCAL PRINCIPAL<\/h6><h6><strong>Tnlga. Gabriela C\u00e1ceres<\/strong><br \/>VOCAL PRINCIPAL<\/h6><h6><strong>Sr. Jaime Ashqui<\/strong><br \/>VOCAL PRINCIPAL<\/h6>\t\t\t\t\t\t<\/div>\n\t\t\t\t<\/div>\n\t\t\t\t\t<\/div>\n\t\t<\/div>\n\t\t\t\t\t\t\t<\/div>\n\t\t<\/section>\n\t\t<div class=\"elementor-element elementor-element-381ff58 e-flex e-con-boxed e-con e-parent\" data-id=\"381ff58\" data-element_type=\"container\" data-settings=\"{&quot;background_background&quot;:&quot;classic&quot;,&quot;content_width&quot;:&quot;boxed&quot;}\" data-core-v316-plus=\"true\">\n\t\t\t\t\t<div class=\"e-con-inner\">\n\t\t\t\t<div class=\"elementor-element elementor-element-61fb215 elementor-widget elementor-widget-heading\" data-id=\"61fb215\" data-element_type=\"widget\" data-widget_type=\"heading.default\">\n\t\t\t\t<div class=\"elementor-widget-container\">\n\t\t\t<h2 class=\"elementor-heading-title elementor-size-default\">Misi\u00f3n<\/h2>\t\t<\/div>\n\t\t\t\t<\/div>\n\t\t\t\t\t<\/div>\n\t\t\t\t<\/div>\n\t\t<div class=\"elementor-element elementor-element-6db71c9 e-flex e-con-boxed e-con e-parent\" data-id=\"6db71c9\" data-element_type=\"container\" data-settings=\"{&quot;content_width&quot;:&quot;boxed&quot;}\" data-core-v316-plus=\"true\">\n\t\t\t\t\t<div class=\"e-con-inner\">\n\t\t<div class=\"elementor-element elementor-element-825e217 e-con-full e-flex e-con e-child\" data-id=\"825e217\" data-element_type=\"container\" data-settings=\"{&quot;content_width&quot;:&quot;full&quot;}\">\n\t\t\t\t<div class=\"elementor-element elementor-element-5096156 elementor-widget elementor-widget-text-editor\" data-id=\"5096156\" data-element_type=\"widget\" data-widget_type=\"text-editor.default\">\n\t\t\t\t<div class=\"elementor-widget-container\">\n\t\t\t\t\t\t\t<p><span lang=\"ES-EC\" style=\"font-size: 12.0pt; line-height: 107%; font-family: 'Arial',sans-serif; mso-fareast-font-family: 'Times New Roman'; mso-font-kerning: 18.0pt; mso-ansi-language: ES-EC; mso-fareast-language: ES-EC; mso-bidi-language: AR-SA;\">El Gobierno Aut\u00f3nomo Descentralizado Parroquial de Pomasqui, promueve, cumple y lidera la satisfacci\u00f3n de necesidades de los habitantes de la parroquia promoviendo el derecho de los mismos, cumpliendo con el PDOT mediante procesos administrativos y t\u00e9cnicos del Gobierno Parroquial, respaldado con trabajo de\u00a0 planificaci\u00f3n t\u00e9cnica y la gesti\u00f3n de proyectos de obra p\u00fablica y privada, programas de gesti\u00f3n territorial con la participaci\u00f3n de los actores internos y externos de la parroquia de Pomasqui.<\/span><\/p>\t\t\t\t\t\t<\/div>\n\t\t\t\t<\/div>\n\t\t\t\t<\/div>\n\t\t<div class=\"elementor-element elementor-element-01039e7 e-con-full e-flex e-con e-child\" data-id=\"01039e7\" data-element_type=\"container\" data-settings=\"{&quot;content_width&quot;:&quot;full&quot;}\">\n\t\t\t\t<\/div>\n\t\t\t\t\t<\/div>\n\t\t\t\t<\/div>\n\t\t<div class=\"elementor-element elementor-element-e3a05c6 e-flex e-con-boxed e-con e-parent\" data-id=\"e3a05c6\" data-element_type=\"container\" data-settings=\"{&quot;content_width&quot;:&quot;boxed&quot;}\" data-core-v316-plus=\"true\">\n\t\t\t\t\t<div class=\"e-con-inner\">\n\t\t\t\t<div class=\"elementor-element elementor-element-12f6f53 elementor-widget elementor-widget-heading\" data-id=\"12f6f53\" data-element_type=\"widget\" data-widget_type=\"heading.default\">\n\t\t\t\t<div class=\"elementor-widget-container\">\n\t\t\t<h2 class=\"elementor-heading-title elementor-size-default\">Visi\u00f3n<\/h2>\t\t<\/div>\n\t\t\t\t<\/div>\n\t\t\t\t\t<\/div>\n\t\t\t\t<\/div>\n\t\t<div class=\"elementor-element elementor-element-accf395 e-flex e-con-boxed e-con e-parent\" data-id=\"accf395\" data-element_type=\"container\" data-settings=\"{&quot;content_width&quot;:&quot;boxed&quot;}\" data-core-v316-plus=\"true\">\n\t\t\t\t\t<div class=\"e-con-inner\">\n\t\t<div class=\"elementor-element elementor-element-afc5342 e-con-full e-flex e-con e-child\" data-id=\"afc5342\" data-element_type=\"container\" data-settings=\"{&quot;content_width&quot;:&quot;full&quot;}\">\n\t\t\t\t<div class=\"elementor-element elementor-element-0822aa5 elementor-widget elementor-widget-text-editor\" data-id=\"0822aa5\" data-element_type=\"widget\" data-widget_type=\"text-editor.default\">\n\t\t\t\t<div class=\"elementor-widget-container\">\n\t\t\t\t\t\t\t<p class=\"MsoNormal\" style=\"background-image: initial; background-position: initial; background-size: initial; background-repeat: initial; background-attachment: initial; background-origin: initial; background-clip: initial;\"><span lang=\"ES-EC\" style=\"font-size:12.0pt;line-height:107%;font-family:&quot;Arial&quot;,sans-serif;\nmso-fareast-font-family:&quot;Times New Roman&quot;;mso-font-kerning:18.0pt;mso-fareast-language:\nES-EC\">Al a\u00f1o 2027 la parroquia rural de Pomasqui, ser\u00e1 un territorio de\nemprendimiento, como referente local, con servicios de obra p\u00fablica de calidad\nde movilidad y conectividad, tendr\u00e1 un entorno de igualdad y g\u00e9nero, ambiental\ny saludable, rodeado de un clima de seguridad y armon\u00eda con una adecuada red\nvial que facilite la movilizaci\u00f3n, lo cual incentivar\u00e1 la dotaci\u00f3n de servicios\nb\u00e1sicos indispensables, as\u00ed mismo, la parroquia estar\u00e1 fortalecida por un\ngobierno local eficiente respaldando a sus barrios locales y comunidades.<o:p><\/o:p><\/span><\/p>\t\t\t\t\t\t<\/div>\n\t\t\t\t<\/div>\n\t\t\t\t<\/div>\n\t\t<div class=\"elementor-element elementor-element-289f145 e-con-full e-flex e-con e-child\" data-id=\"289f145\" data-element_type=\"container\" data-settings=\"{&quot;content_width&quot;:&quot;full&quot;}\">\n\t\t\t\t<\/div>\n\t\t\t\t\t<\/div>\n\t\t\t\t<\/div>\n\t\t<div class=\"elementor-element elementor-element-c7acfa0 e-flex e-con-boxed e-con e-parent\" data-id=\"c7acfa0\" data-element_type=\"container\" data-settings=\"{&quot;content_width&quot;:&quot;boxed&quot;}\" data-core-v316-plus=\"true\">\n\t\t\t\t\t<div class=\"e-con-inner\">\n\t\t\t\t<div class=\"elementor-element elementor-element-093c568 elementor-widget elementor-widget-google_maps\" data-id=\"093c568\" data-element_type=\"widget\" data-widget_type=\"google_maps.default\">\n\t\t\t\t<div class=\"elementor-widget-container\">\n\t\t\t\t\t<div class=\"elementor-custom-embed\">\n\t\t\t<iframe loading=\"lazy\"\n\t\t\t\t\tsrc=\"https:\/\/maps.google.com\/maps?q=Pasaje%20Oe1c%20y%20calle%20Marieta%20de%20Veintimilla&#038;t=m&#038;z=10&#038;output=embed&#038;iwloc=near\"\n\t\t\t\t\ttitle=\"Pasaje Oe1c y calle Marieta de Veintimilla\"\n\t\t\t\t\taria-label=\"Pasaje Oe1c y calle Marieta de Veintimilla\"\n\t\t\t><\/iframe>\n\t\t<\/div>\n\t\t\t\t<\/div>\n\t\t\t\t<\/div>\n\t\t\t\t\t<\/div>\n\t\t\t\t<\/div>\n\t\t\t\t\t\t\t<\/div>\n\t\t","protected":false},"excerpt":{"rendered":"<p>EL GAD Gobierno Aut\u00f3nomo Descentralizado de la Parroquia de Pomasqui Desarrollo con Identidad Nuestro lema resume el compromiso del Gobierno Aut\u00f3nomo Descentralizado de Pomasqui con un progreso equitativo, donde el bienestar de cada persona y el respeto por sus antepasados se conjugan armoniosamente con las oportunidades del ma\u00f1ana. Es un llamado a avanzar con paso &hellip;<\/p>\n<p class=\"read-more\"> <a class=\"\" href=\"https:\/\/pomasqui.gob.ec\/pichincha\/el-gad\/\"> <span class=\"screen-reader-text\">El GAD<\/span> Leer m\u00e1s \u00bb<\/a><\/p>\n","protected":false},"author":4,"featured_media":0,"parent":0,"menu_order":0,"comment_status":"closed","ping_status":"closed","template":"","meta":{"site-sidebar-layout":"no-sidebar","site-content-layout":"page-builder","ast-site-content-layout":"","site-content-style":"default","site-sidebar-style":"default","ast-global-header-display":"","ast-banner-title-visibility":"","ast-main-header-display":"","ast-hfb-above-header-display":"","ast-hfb-below-header-display":"","ast-hfb-mobile-header-display":"","site-post-title":"disabled","ast-breadcrumbs-content":"","ast-featured-img":"disabled","footer-sml-layout":"","theme-transparent-header-meta":"default","adv-header-id-meta":"","stick-header-meta":"","header-above-stick-meta":"","header-main-stick-meta":"","header-below-stick-meta":"","astra-migrate-meta-layouts":"","footnotes":""},"yst_prominent_words":[],"_links":{"self":[{"href":"https:\/\/pomasqui.gob.ec\/pichincha\/wp-json\/wp\/v2\/pages\/6191"}],"collection":[{"href":"https:\/\/pomasqui.gob.ec\/pichincha\/wp-json\/wp\/v2\/pages"}],"about":[{"href":"https:\/\/pomasqui.gob.ec\/pichincha\/wp-json\/wp\/v2\/types\/page"}],"author":[{"embeddable":true,"href":"https:\/\/pomasqui.gob.ec\/pichincha\/wp-json\/wp\/v2\/users\/4"}],"replies":[{"embeddable":true,"href":"https:\/\/pomasqui.gob.ec\/pichincha\/wp-json\/wp\/v2\/comments?post=6191"}],"version-history":[{"count":28,"href":"https:\/\/pomasqui.gob.ec\/pichincha\/wp-json\/wp\/v2\/pages\/6191\/revisions"}],"predecessor-version":[{"id":8026,"href":"https:\/\/pomasqui.gob.ec\/pichincha\/wp-json\/wp\/v2\/pages\/6191\/revisions\/8026"}],"wp:attachment":[{"href":"https:\/\/pomasqui.gob.ec\/pichincha\/wp-json\/wp\/v2\/media?parent=6191"}],"wp:term":[{"taxonomy":"yst_prominent_words","embeddable":true,"href":"https:\/\/pomasqui.gob.ec\/pichincha\/wp-json\/wp\/v2\/yst_prominent_words?post=6191"}],"curies":[{"name":"wp","href":"https:\/\/api.w.org\/{rel}","templated":true}]}}