{"id":6473,"date":"2023-09-06T21:47:12","date_gmt":"2023-09-07T01:47:12","guid":{"rendered":"https:\/\/pomasqui.gob.ec\/pichincha\/?page_id=6473"},"modified":"2023-09-25T12:21:41","modified_gmt":"2023-09-25T16:21:41","slug":"turismo","status":"publish","type":"page","link":"https:\/\/pomasqui.gob.ec\/pichincha\/turismo\/","title":{"rendered":"Turismo"},"content":{"rendered":"\t\t<div data-elementor-type=\"wp-page\" data-elementor-id=\"6473\" class=\"elementor elementor-6473\" data-elementor-post-type=\"page\">\n\t\t\t\t\t\t\t\t\t<section class=\"elementor-section elementor-top-section elementor-element elementor-element-218ac03 elementor-section-height-min-height elementor-section-content-middle elementor-section-boxed elementor-section-height-default elementor-section-items-middle\" data-id=\"218ac03\" data-element_type=\"section\" data-settings=\"{&quot;background_background&quot;:&quot;classic&quot;}\">\n\t\t\t\t\t\t\t<div class=\"elementor-background-overlay\"><\/div>\n\t\t\t\t\t\t\t<div class=\"elementor-container elementor-column-gap-wider\">\n\t\t\t\t\t<div class=\"elementor-column elementor-col-100 elementor-top-column elementor-element elementor-element-2b51020\" data-id=\"2b51020\" data-element_type=\"column\">\n\t\t\t<div class=\"elementor-widget-wrap elementor-element-populated\">\n\t\t\t\t\t\t\t\t<div class=\"elementor-element elementor-element-183c1de elementor-widget elementor-widget-heading\" data-id=\"183c1de\" data-element_type=\"widget\" data-widget_type=\"heading.default\">\n\t\t\t\t<div class=\"elementor-widget-container\">\n\t\t\t<h1 class=\"elementor-heading-title elementor-size-default\">Turismo<\/h1>\t\t<\/div>\n\t\t\t\t<\/div>\n\t\t\t\t<div class=\"elementor-element elementor-element-f4e99de elementor-widget elementor-widget-heading\" data-id=\"f4e99de\" data-element_type=\"widget\" data-widget_type=\"heading.default\">\n\t\t\t\t<div class=\"elementor-widget-container\">\n\t\t\t<h3 class=\"elementor-heading-title elementor-size-default\">Atractivos Tur\u00edsticos y Culturales de Pomasqui<\/h3>\t\t<\/div>\n\t\t\t\t<\/div>\n\t\t\t\t<div class=\"elementor-element elementor-element-c130b6a elementor-widget-divider--view-line elementor-widget elementor-widget-divider\" data-id=\"c130b6a\" data-element_type=\"widget\" data-widget_type=\"divider.default\">\n\t\t\t\t<div class=\"elementor-widget-container\">\n\t\t\t\t\t<div class=\"elementor-divider\">\n\t\t\t<span class=\"elementor-divider-separator\">\n\t\t\t\t\t\t<\/span>\n\t\t<\/div>\n\t\t\t\t<\/div>\n\t\t\t\t<\/div>\n\t\t\t\t\t<\/div>\n\t\t<\/div>\n\t\t\t\t\t\t\t<\/div>\n\t\t<\/section>\n\t\t\t\t<section class=\"elementor-section elementor-top-section elementor-element elementor-element-78a96cf5 elementor-section-content-middle elementor-section-boxed elementor-section-height-default elementor-section-height-default\" data-id=\"78a96cf5\" data-element_type=\"section\" data-settings=\"{&quot;background_background&quot;:&quot;classic&quot;}\">\n\t\t\t\t\t\t<div class=\"elementor-container elementor-column-gap-no\">\n\t\t\t\t\t<div class=\"elementor-column elementor-col-100 elementor-top-column elementor-element elementor-element-1368a0b0\" data-id=\"1368a0b0\" data-element_type=\"column\">\n\t\t\t<div class=\"elementor-widget-wrap elementor-element-populated\">\n\t\t\t\t\t\t\t\t<div class=\"elementor-element elementor-element-20240621 elementor-widget elementor-widget-heading\" data-id=\"20240621\" data-element_type=\"widget\" data-widget_type=\"heading.default\">\n\t\t\t\t<div class=\"elementor-widget-container\">\n\t\t\t<h4 class=\"elementor-heading-title elementor-size-default\">Una Parroquia de Tesoros Escondidos<\/h4>\t\t<\/div>\n\t\t\t\t<\/div>\n\t\t\t\t<div class=\"elementor-element elementor-element-282e9e76 elementor-widget elementor-widget-text-editor\" data-id=\"282e9e76\" data-element_type=\"widget\" data-widget_type=\"text-editor.default\">\n\t\t\t\t<div class=\"elementor-widget-container\">\n\t\t\t\t\t\t\t<p>Pomasqui, una parroquia repleta de tesoros escondidos. Sum\u00e9rgete en su rica herencia cultural, donde las tradiciones se entrelazan con la m\u00fasica, la danza, el arte y rincones naturales que te sorprender\u00e1n.<\/p>\t\t\t\t\t\t<\/div>\n\t\t\t\t<\/div>\n\t\t\t\t\t<\/div>\n\t\t<\/div>\n\t\t\t\t\t\t\t<\/div>\n\t\t<\/section>\n\t\t\t\t<section class=\"elementor-section elementor-top-section elementor-element elementor-element-05220e6 elementor-section-boxed elementor-section-height-default elementor-section-height-default\" data-id=\"05220e6\" data-element_type=\"section\">\n\t\t\t\t\t\t<div class=\"elementor-container elementor-column-gap-default\">\n\t\t\t\t\t<div class=\"elementor-column elementor-col-100 elementor-top-column elementor-element elementor-element-477fc8d\" data-id=\"477fc8d\" data-element_type=\"column\">\n\t\t\t<div class=\"elementor-widget-wrap elementor-element-populated\">\n\t\t\t\t\t\t\t\t<div class=\"elementor-element elementor-element-e91c775 elementor-grid-4 elementor-posts--align-center elementor-grid-tablet-2 elementor-grid-mobile-1 elementor-posts--thumbnail-top elementor-card-shadow-yes elementor-posts__hover-gradient elementor-widget elementor-widget-posts\" data-id=\"e91c775\" data-element_type=\"widget\" data-settings=\"{&quot;pagination_type&quot;:&quot;prev_next&quot;,&quot;cards_columns&quot;:&quot;4&quot;,&quot;cards_row_gap&quot;:{&quot;unit&quot;:&quot;px&quot;,&quot;size&quot;:34,&quot;sizes&quot;:[]},&quot;cards_columns_tablet&quot;:&quot;2&quot;,&quot;cards_columns_mobile&quot;:&quot;1&quot;,&quot;cards_row_gap_tablet&quot;:{&quot;unit&quot;:&quot;px&quot;,&quot;size&quot;:&quot;&quot;,&quot;sizes&quot;:[]},&quot;cards_row_gap_mobile&quot;:{&quot;unit&quot;:&quot;px&quot;,&quot;size&quot;:&quot;&quot;,&quot;sizes&quot;:[]}}\" data-widget_type=\"posts.cards\">\n\t\t\t\t<div class=\"elementor-widget-container\">\n\t\t\t\t\t<div class=\"elementor-posts-container elementor-posts elementor-posts--skin-cards elementor-grid\">\n\t\t\t\t<article class=\"elementor-post elementor-grid-item post-6929 post type-post status-publish format-standard has-post-thumbnail hentry category-turismo tag-turismo\">\n\t\t\t<div class=\"elementor-post__card\">\n\t\t\t\t<a class=\"elementor-post__thumbnail__link\" href=\"https:\/\/pomasqui.gob.ec\/pichincha\/casa-cultural-casitagua\/\" tabindex=\"-1\" ><div class=\"elementor-post__thumbnail\"><img fetchpriority=\"high\" width=\"550\" height=\"419\" src=\"https:\/\/pomasqui.gob.ec\/pichincha\/wp-content\/uploads\/2023\/09\/Pomasqui-casa-cultural-casitagua-destacado-550x419.jpg\" class=\"attachment-medium size-medium wp-image-6930\" alt=\"\" decoding=\"async\" srcset=\"https:\/\/pomasqui.gob.ec\/pichincha\/wp-content\/uploads\/2023\/09\/Pomasqui-casa-cultural-casitagua-destacado-550x419.jpg 550w, https:\/\/pomasqui.gob.ec\/pichincha\/wp-content\/uploads\/2023\/09\/Pomasqui-casa-cultural-casitagua-destacado.jpg 558w\" sizes=\"(max-width: 550px) 100vw, 550px\" \/><\/div><\/a>\n\t\t\t\t<div class=\"elementor-post__badge\">Turismo<\/div>\n\t\t\t\t<div class=\"elementor-post__text\">\n\t\t\t\t<h3 class=\"elementor-post__title\">\n\t\t\t<a href=\"https:\/\/pomasqui.gob.ec\/pichincha\/casa-cultural-casitagua\/\" >\n\t\t\t\tCasa Cultural Casitagua\t\t\t<\/a>\n\t\t<\/h3>\n\t\t\t\t<\/div>\n\t\t\t\t\t<\/div>\n\t\t<\/article>\n\t\t\t\t<article class=\"elementor-post elementor-grid-item post-6892 post type-post status-publish format-standard has-post-thumbnail hentry category-turismo tag-turismo\">\n\t\t\t<div class=\"elementor-post__card\">\n\t\t\t\t<a class=\"elementor-post__thumbnail__link\" href=\"https:\/\/pomasqui.gob.ec\/pichincha\/pomasquinde\/\" tabindex=\"-1\" ><div class=\"elementor-post__thumbnail\"><img width=\"500\" height=\"363\" src=\"https:\/\/pomasqui.gob.ec\/pichincha\/wp-content\/uploads\/2023\/09\/pomasqui-pomasquinde-destacada-02.jpg\" class=\"attachment-medium size-medium wp-image-6924\" alt=\"\" decoding=\"async\" \/><\/div><\/a>\n\t\t\t\t<div class=\"elementor-post__badge\">Turismo<\/div>\n\t\t\t\t<div class=\"elementor-post__text\">\n\t\t\t\t<h3 class=\"elementor-post__title\">\n\t\t\t<a href=\"https:\/\/pomasqui.gob.ec\/pichincha\/pomasquinde\/\" >\n\t\t\t\tPomasquinde\t\t\t<\/a>\n\t\t<\/h3>\n\t\t\t\t<\/div>\n\t\t\t\t\t<\/div>\n\t\t<\/article>\n\t\t\t\t<article class=\"elementor-post elementor-grid-item post-6673 post type-post status-publish format-standard has-post-thumbnail hentry category-turismo tag-turismo\">\n\t\t\t<div class=\"elementor-post__card\">\n\t\t\t\t<a class=\"elementor-post__thumbnail__link\" href=\"https:\/\/pomasqui.gob.ec\/pichincha\/casa-agave\/\" tabindex=\"-1\" ><div class=\"elementor-post__thumbnail\"><img width=\"550\" height=\"413\" src=\"https:\/\/pomasqui.gob.ec\/pichincha\/wp-content\/uploads\/2023\/09\/WhatsApp-Image-2023-09-12-at-14.59.40-1-550x413.jpeg\" class=\"attachment-medium size-medium wp-image-7030\" alt=\"\" decoding=\"async\" srcset=\"https:\/\/pomasqui.gob.ec\/pichincha\/wp-content\/uploads\/2023\/09\/WhatsApp-Image-2023-09-12-at-14.59.40-1-550x413.jpeg 550w, https:\/\/pomasqui.gob.ec\/pichincha\/wp-content\/uploads\/2023\/09\/WhatsApp-Image-2023-09-12-at-14.59.40-1-768x576.jpeg 768w, https:\/\/pomasqui.gob.ec\/pichincha\/wp-content\/uploads\/2023\/09\/WhatsApp-Image-2023-09-12-at-14.59.40-1.jpeg 1024w\" sizes=\"(max-width: 550px) 100vw, 550px\" \/><\/div><\/a>\n\t\t\t\t<div class=\"elementor-post__badge\">Turismo<\/div>\n\t\t\t\t<div class=\"elementor-post__text\">\n\t\t\t\t<h3 class=\"elementor-post__title\">\n\t\t\t<a href=\"https:\/\/pomasqui.gob.ec\/pichincha\/casa-agave\/\" >\n\t\t\t\tCasa Agave\t\t\t<\/a>\n\t\t<\/h3>\n\t\t\t\t<\/div>\n\t\t\t\t\t<\/div>\n\t\t<\/article>\n\t\t\t\t<article class=\"elementor-post elementor-grid-item post-6664 post type-post status-publish format-standard has-post-thumbnail hentry category-turismo tag-turismo\">\n\t\t\t<div class=\"elementor-post__card\">\n\t\t\t\t<a class=\"elementor-post__thumbnail__link\" href=\"https:\/\/pomasqui.gob.ec\/pichincha\/cultura-y-tradiciones\/\" tabindex=\"-1\" ><div class=\"elementor-post__thumbnail\"><img loading=\"lazy\" width=\"400\" height=\"400\" src=\"https:\/\/pomasqui.gob.ec\/pichincha\/wp-content\/uploads\/2023\/09\/tradiciones_feature.jpg\" class=\"attachment-medium size-medium wp-image-6665\" alt=\"\" decoding=\"async\" srcset=\"https:\/\/pomasqui.gob.ec\/pichincha\/wp-content\/uploads\/2023\/09\/tradiciones_feature.jpg 400w, https:\/\/pomasqui.gob.ec\/pichincha\/wp-content\/uploads\/2023\/09\/tradiciones_feature-150x150.jpg 150w\" sizes=\"(max-width: 400px) 100vw, 400px\" \/><\/div><\/a>\n\t\t\t\t<div class=\"elementor-post__badge\">Turismo<\/div>\n\t\t\t\t<div class=\"elementor-post__text\">\n\t\t\t\t<h3 class=\"elementor-post__title\">\n\t\t\t<a href=\"https:\/\/pomasqui.gob.ec\/pichincha\/cultura-y-tradiciones\/\" >\n\t\t\t\tCultura y Tradiciones\t\t\t<\/a>\n\t\t<\/h3>\n\t\t\t\t<\/div>\n\t\t\t\t\t<\/div>\n\t\t<\/article>\n\t\t\t\t<article class=\"elementor-post elementor-grid-item post-6648 post type-post status-publish format-standard has-post-thumbnail hentry category-turismo tag-turismo\">\n\t\t\t<div class=\"elementor-post__card\">\n\t\t\t\t<a class=\"elementor-post__thumbnail__link\" href=\"https:\/\/pomasqui.gob.ec\/pichincha\/parque-central-de-pomasqui\/\" tabindex=\"-1\" ><div class=\"elementor-post__thumbnail\"><img loading=\"lazy\" width=\"400\" height=\"400\" src=\"https:\/\/pomasqui.gob.ec\/pichincha\/wp-content\/uploads\/2023\/09\/parqueCentral_feature.jpg\" class=\"attachment-medium size-medium wp-image-6649\" alt=\"\" decoding=\"async\" srcset=\"https:\/\/pomasqui.gob.ec\/pichincha\/wp-content\/uploads\/2023\/09\/parqueCentral_feature.jpg 400w, https:\/\/pomasqui.gob.ec\/pichincha\/wp-content\/uploads\/2023\/09\/parqueCentral_feature-150x150.jpg 150w\" sizes=\"(max-width: 400px) 100vw, 400px\" \/><\/div><\/a>\n\t\t\t\t<div class=\"elementor-post__badge\">Turismo<\/div>\n\t\t\t\t<div class=\"elementor-post__text\">\n\t\t\t\t<h3 class=\"elementor-post__title\">\n\t\t\t<a href=\"https:\/\/pomasqui.gob.ec\/pichincha\/parque-central-de-pomasqui\/\" >\n\t\t\t\tParque Central de Pomasqui\t\t\t<\/a>\n\t\t<\/h3>\n\t\t\t\t<\/div>\n\t\t\t\t\t<\/div>\n\t\t<\/article>\n\t\t\t\t<article class=\"elementor-post elementor-grid-item post-6632 post type-post status-publish format-standard has-post-thumbnail hentry category-turismo tag-turismo\">\n\t\t\t<div class=\"elementor-post__card\">\n\t\t\t\t<a class=\"elementor-post__thumbnail__link\" href=\"https:\/\/pomasqui.gob.ec\/pichincha\/cerro-casitahua\/\" tabindex=\"-1\" ><div class=\"elementor-post__thumbnail\"><img loading=\"lazy\" width=\"400\" height=\"400\" src=\"https:\/\/pomasqui.gob.ec\/pichincha\/wp-content\/uploads\/2023\/09\/Casitagua_feature.jpg\" class=\"attachment-medium size-medium wp-image-6633\" alt=\"\" decoding=\"async\" srcset=\"https:\/\/pomasqui.gob.ec\/pichincha\/wp-content\/uploads\/2023\/09\/Casitagua_feature.jpg 400w, https:\/\/pomasqui.gob.ec\/pichincha\/wp-content\/uploads\/2023\/09\/Casitagua_feature-150x150.jpg 150w\" sizes=\"(max-width: 400px) 100vw, 400px\" \/><\/div><\/a>\n\t\t\t\t<div class=\"elementor-post__badge\">Turismo<\/div>\n\t\t\t\t<div class=\"elementor-post__text\">\n\t\t\t\t<h3 class=\"elementor-post__title\">\n\t\t\t<a href=\"https:\/\/pomasqui.gob.ec\/pichincha\/cerro-casitahua\/\" >\n\t\t\t\tCerro Casitahua\t\t\t<\/a>\n\t\t<\/h3>\n\t\t\t\t<\/div>\n\t\t\t\t\t<\/div>\n\t\t<\/article>\n\t\t\t\t<article class=\"elementor-post elementor-grid-item post-6607 post type-post status-publish format-standard has-post-thumbnail hentry category-turismo tag-turismo\">\n\t\t\t<div class=\"elementor-post__card\">\n\t\t\t\t<a class=\"elementor-post__thumbnail__link\" href=\"https:\/\/pomasqui.gob.ec\/pichincha\/iglesia-matriz\/\" tabindex=\"-1\" ><div class=\"elementor-post__thumbnail\"><img loading=\"lazy\" width=\"400\" height=\"400\" src=\"https:\/\/pomasqui.gob.ec\/pichincha\/wp-content\/uploads\/2023\/09\/iglesiaMatriz_feature.jpg\" class=\"attachment-medium size-medium wp-image-6615\" alt=\"\" decoding=\"async\" srcset=\"https:\/\/pomasqui.gob.ec\/pichincha\/wp-content\/uploads\/2023\/09\/iglesiaMatriz_feature.jpg 400w, https:\/\/pomasqui.gob.ec\/pichincha\/wp-content\/uploads\/2023\/09\/iglesiaMatriz_feature-150x150.jpg 150w\" sizes=\"(max-width: 400px) 100vw, 400px\" \/><\/div><\/a>\n\t\t\t\t<div class=\"elementor-post__badge\">Turismo<\/div>\n\t\t\t\t<div class=\"elementor-post__text\">\n\t\t\t\t<h3 class=\"elementor-post__title\">\n\t\t\t<a href=\"https:\/\/pomasqui.gob.ec\/pichincha\/iglesia-matriz\/\" >\n\t\t\t\tIglesia Matriz\t\t\t<\/a>\n\t\t<\/h3>\n\t\t\t\t<\/div>\n\t\t\t\t\t<\/div>\n\t\t<\/article>\n\t\t\t\t<article class=\"elementor-post elementor-grid-item post-6593 post type-post status-publish format-standard has-post-thumbnail hentry category-turismo tag-turismo\">\n\t\t\t<div class=\"elementor-post__card\">\n\t\t\t\t<a class=\"elementor-post__thumbnail__link\" href=\"https:\/\/pomasqui.gob.ec\/pichincha\/museo-antonio-negrete-2\/\" tabindex=\"-1\" ><div class=\"elementor-post__thumbnail\"><img loading=\"lazy\" width=\"400\" height=\"400\" src=\"https:\/\/pomasqui.gob.ec\/pichincha\/wp-content\/uploads\/2023\/09\/museoANegrete_feature.jpg\" class=\"attachment-medium size-medium wp-image-6594\" alt=\"\" decoding=\"async\" srcset=\"https:\/\/pomasqui.gob.ec\/pichincha\/wp-content\/uploads\/2023\/09\/museoANegrete_feature.jpg 400w, https:\/\/pomasqui.gob.ec\/pichincha\/wp-content\/uploads\/2023\/09\/museoANegrete_feature-150x150.jpg 150w\" sizes=\"(max-width: 400px) 100vw, 400px\" \/><\/div><\/a>\n\t\t\t\t<div class=\"elementor-post__badge\">Turismo<\/div>\n\t\t\t\t<div class=\"elementor-post__text\">\n\t\t\t\t<h3 class=\"elementor-post__title\">\n\t\t\t<a href=\"https:\/\/pomasqui.gob.ec\/pichincha\/museo-antonio-negrete-2\/\" >\n\t\t\t\tMuseo Antonio Negrete\t\t\t<\/a>\n\t\t<\/h3>\n\t\t\t\t<\/div>\n\t\t\t\t\t<\/div>\n\t\t<\/article>\n\t\t\t\t<article class=\"elementor-post elementor-grid-item post-6571 post type-post status-publish format-standard has-post-thumbnail hentry category-turismo tag-turismo\">\n\t\t\t<div class=\"elementor-post__card\">\n\t\t\t\t<a class=\"elementor-post__thumbnail__link\" href=\"https:\/\/pomasqui.gob.ec\/pichincha\/capilla-de-la-rosa-mistica\/\" tabindex=\"-1\" ><div class=\"elementor-post__thumbnail\"><img loading=\"lazy\" width=\"400\" height=\"400\" src=\"https:\/\/pomasqui.gob.ec\/pichincha\/wp-content\/uploads\/2023\/09\/Rosa-Mistica-feature-1.jpg\" class=\"attachment-medium size-medium wp-image-6572\" alt=\"\" decoding=\"async\" srcset=\"https:\/\/pomasqui.gob.ec\/pichincha\/wp-content\/uploads\/2023\/09\/Rosa-Mistica-feature-1.jpg 400w, https:\/\/pomasqui.gob.ec\/pichincha\/wp-content\/uploads\/2023\/09\/Rosa-Mistica-feature-1-150x150.jpg 150w\" sizes=\"(max-width: 400px) 100vw, 400px\" \/><\/div><\/a>\n\t\t\t\t<div class=\"elementor-post__badge\">Turismo<\/div>\n\t\t\t\t<div class=\"elementor-post__text\">\n\t\t\t\t<h3 class=\"elementor-post__title\">\n\t\t\t<a href=\"https:\/\/pomasqui.gob.ec\/pichincha\/capilla-de-la-rosa-mistica\/\" >\n\t\t\t\tCapilla de La Rosa M\u00edstica\t\t\t<\/a>\n\t\t<\/h3>\n\t\t\t\t<\/div>\n\t\t\t\t\t<\/div>\n\t\t<\/article>\n\t\t\t\t<article class=\"elementor-post elementor-grid-item post-6487 post type-post status-publish format-standard has-post-thumbnail hentry category-turismo tag-turismo\">\n\t\t\t<div class=\"elementor-post__card\">\n\t\t\t\t<a class=\"elementor-post__thumbnail__link\" href=\"https:\/\/pomasqui.gob.ec\/pichincha\/capilla-senor-del-arbol\/\" tabindex=\"-1\" ><div class=\"elementor-post__thumbnail\"><img loading=\"lazy\" width=\"550\" height=\"412\" src=\"https:\/\/pomasqui.gob.ec\/pichincha\/wp-content\/uploads\/2023\/09\/web-550x412.jpg\" class=\"attachment-medium size-medium wp-image-7076\" alt=\"\" decoding=\"async\" srcset=\"https:\/\/pomasqui.gob.ec\/pichincha\/wp-content\/uploads\/2023\/09\/web-550x412.jpg 550w, https:\/\/pomasqui.gob.ec\/pichincha\/wp-content\/uploads\/2023\/09\/web-768x576.jpg 768w, https:\/\/pomasqui.gob.ec\/pichincha\/wp-content\/uploads\/2023\/09\/web.jpg 934w\" sizes=\"(max-width: 550px) 100vw, 550px\" \/><\/div><\/a>\n\t\t\t\t<div class=\"elementor-post__badge\">Turismo<\/div>\n\t\t\t\t<div class=\"elementor-post__text\">\n\t\t\t\t<h3 class=\"elementor-post__title\">\n\t\t\t<a href=\"https:\/\/pomasqui.gob.ec\/pichincha\/capilla-senor-del-arbol\/\" >\n\t\t\t\tCapilla del Se\u00f1or del \u00c1rbol\t\t\t<\/a>\n\t\t<\/h3>\n\t\t\t\t<\/div>\n\t\t\t\t\t<\/div>\n\t\t<\/article>\n\t\t\t\t<\/div>\n\t\t\n\t\t\t\t<\/div>\n\t\t\t\t<\/div>\n\t\t\t\t\t<\/div>\n\t\t<\/div>\n\t\t\t\t\t\t\t<\/div>\n\t\t<\/section>\n\t\t\t\t<section class=\"elementor-section elementor-top-section elementor-element elementor-element-95e4e1e elementor-section-full_width elementor-section-height-min-height elementor-section-height-default elementor-section-items-middle\" data-id=\"95e4e1e\" data-element_type=\"section\" data-settings=\"{&quot;background_background&quot;:&quot;classic&quot;,&quot;background_motion_fx_motion_fx_scrolling&quot;:&quot;yes&quot;,&quot;background_motion_fx_translateY_effect&quot;:&quot;yes&quot;,&quot;background_motion_fx_translateY_affectedRange&quot;:{&quot;unit&quot;:&quot;%&quot;,&quot;size&quot;:&quot;&quot;,&quot;sizes&quot;:{&quot;start&quot;:0,&quot;end&quot;:88}},&quot;background_motion_fx_translateY_speed&quot;:{&quot;unit&quot;:&quot;px&quot;,&quot;size&quot;:4,&quot;sizes&quot;:[]},&quot;background_motion_fx_devices&quot;:[&quot;desktop&quot;,&quot;tablet&quot;,&quot;mobile&quot;]}\">\n\t\t\t\t\t\t\t<div class=\"elementor-background-overlay\"><\/div>\n\t\t\t\t\t\t\t<div class=\"elementor-container elementor-column-gap-default\">\n\t\t\t\t\t<div class=\"elementor-column elementor-col-100 elementor-top-column elementor-element elementor-element-8a61445\" data-id=\"8a61445\" data-element_type=\"column\">\n\t\t\t<div class=\"elementor-widget-wrap elementor-element-populated\">\n\t\t\t\t\t\t\t\t<div class=\"elementor-element elementor-element-94108d1 elementor-widget elementor-widget-heading\" data-id=\"94108d1\" data-element_type=\"widget\" data-widget_type=\"heading.default\">\n\t\t\t\t<div class=\"elementor-widget-container\">\n\t\t\t<h2 class=\"elementor-heading-title elementor-size-default\">Cultura y naturaleza se unen para crear un ambiente apacible <br>digno de ser visitado. Pomasqui, tierra de pumas.<\/h2>\t\t<\/div>\n\t\t\t\t<\/div>\n\t\t\t\t\t<\/div>\n\t\t<\/div>\n\t\t\t\t\t\t\t<\/div>\n\t\t<\/section>\n\t\t\t\t\t\t\t<\/div>\n\t\t","protected":false},"excerpt":{"rendered":"<p>Turismo Atractivos Tur\u00edsticos y Culturales de Pomasqui Una Parroquia de Tesoros Escondidos Pomasqui, una parroquia repleta de tesoros escondidos. Sum\u00e9rgete en su rica herencia cultural, donde las tradiciones se entrelazan con la m\u00fasica, la danza, el arte y rincones naturales que te sorprender\u00e1n. Cultura y naturaleza se unen para crear un ambiente apacible digno de<\/p>\n","protected":false},"author":4,"featured_media":0,"parent":0,"menu_order":0,"comment_status":"closed","ping_status":"closed","template":"","meta":{"site-sidebar-layout":"no-sidebar","site-content-layout":"page-builder","ast-site-content-layout":"full-width-container","site-content-style":"unboxed","site-sidebar-style":"unboxed","ast-global-header-display":"","ast-banner-title-visibility":"","ast-main-header-display":"","ast-hfb-above-header-display":"","ast-hfb-below-header-display":"","ast-hfb-mobile-header-display":"","site-post-title":"disabled","ast-breadcrumbs-content":"","ast-featured-img":"disabled","footer-sml-layout":"","theme-transparent-header-meta":"default","adv-header-id-meta":"","stick-header-meta":"","header-above-stick-meta":"","header-main-stick-meta":"","header-below-stick-meta":"","astra-migrate-meta-layouts":"set","footnotes":""},"yst_prominent_words":[43,39],"_links":{"self":[{"href":"https:\/\/pomasqui.gob.ec\/pichincha\/wp-json\/wp\/v2\/pages\/6473"}],"collection":[{"href":"https:\/\/pomasqui.gob.ec\/pichincha\/wp-json\/wp\/v2\/pages"}],"about":[{"href":"https:\/\/pomasqui.gob.ec\/pichincha\/wp-json\/wp\/v2\/types\/page"}],"author":[{"embeddable":true,"href":"https:\/\/pomasqui.gob.ec\/pichincha\/wp-json\/wp\/v2\/users\/4"}],"replies":[{"embeddable":true,"href":"https:\/\/pomasqui.gob.ec\/pichincha\/wp-json\/wp\/v2\/comments?post=6473"}],"version-history":[{"count":40,"href":"https:\/\/pomasqui.gob.ec\/pichincha\/wp-json\/wp\/v2\/pages\/6473\/revisions"}],"predecessor-version":[{"id":6928,"href":"https:\/\/pomasqui.gob.ec\/pichincha\/wp-json\/wp\/v2\/pages\/6473\/revisions\/6928"}],"wp:attachment":[{"href":"https:\/\/pomasqui.gob.ec\/pichincha\/wp-json\/wp\/v2\/media?parent=6473"}],"wp:term":[{"taxonomy":"yst_prominent_words","embeddable":true,"href":"https:\/\/pomasqui.gob.ec\/pichincha\/wp-json\/wp\/v2\/yst_prominent_words?post=6473"}],"curies":[{"name":"wp","href":"https:\/\/api.w.org\/{rel}","templated":true}]}}