{"id":6513,"date":"2023-09-08T13:14:18","date_gmt":"2023-09-08T17:14:18","guid":{"rendered":"https:\/\/pomasqui.gob.ec\/pichincha\/?page_id=6513"},"modified":"2023-09-08T13:17:11","modified_gmt":"2023-09-08T17:17:11","slug":"solicitud-de-informacion-gestores-turisiticos","status":"publish","type":"page","link":"https:\/\/pomasqui.gob.ec\/pichincha\/solicitud-de-informacion-gestores-turisiticos\/","title":{"rendered":"Solicitud de Informaci\u00f3n Gestores Tur\u00edsiticos"},"content":{"rendered":"<div class=\"wpforms-container wpforms-container-full wpforms-render-modern\" id=\"wpforms-6505\"><form id=\"wpforms-form-6505\" class=\"wpforms-validate wpforms-form wpforms-ajax-form\" data-formid=\"6505\" method=\"post\" enctype=\"multipart\/form-data\" action=\"\/pichincha\/wp-json\/wp\/v2\/pages\/6513?wpforms_form_id=6505\" data-token=\"ea2881363f206ced5d18cae7384d9b39\"><noscript class=\"wpforms-error-noscript\">Por favor, activa JavaScript en tu navegador para completar este formulario.<\/noscript><div class=\"wpforms-hidden\" id=\"wpforms-error-noscript\">Por favor, activa JavaScript en tu navegador para completar este formulario.<\/div><div class=\"wpforms-field-container\"><div id=\"wpforms-6505-field_3-container\" class=\"wpforms-field wpforms-field-text\" data-field-id=\"3\"><label class=\"wpforms-field-label\" for=\"wpforms-6505-field_3\">Nombre de lugar \/ establecimiento <span class=\"wpforms-required-label\" aria-hidden=\"true\">*<\/span><\/label><input type=\"text\" id=\"wpforms-6505-field_3\" class=\"wpforms-field-medium wpforms-field-required\" name=\"wpforms[fields][3]\" aria-errormessage=\"wpforms-6505-field_3-error\" required><\/div><div id=\"wpforms-6505-field_7-container\" class=\"wpforms-field wpforms-field-text\" data-field-id=\"7\"><label class=\"wpforms-field-label\" for=\"wpforms-6505-field_7\">Direcci\u00f3n completa <span class=\"wpforms-required-label\" aria-hidden=\"true\">*<\/span><\/label><input type=\"text\" id=\"wpforms-6505-field_7\" class=\"wpforms-field-medium wpforms-field-required\" name=\"wpforms[fields][7]\" aria-errormessage=\"wpforms-6505-field_7-error\" required><\/div><div id=\"wpforms-6505-field_10-container\" class=\"wpforms-field wpforms-field-text\" data-field-id=\"10\"><label class=\"wpforms-field-label\" for=\"wpforms-6505-field_10\">Nombre de contacto \/ propietario \/ responsable <span class=\"wpforms-required-label\" aria-hidden=\"true\">*<\/span><\/label><input type=\"text\" id=\"wpforms-6505-field_10\" class=\"wpforms-field-medium wpforms-field-required\" name=\"wpforms[fields][10]\" aria-errormessage=\"wpforms-6505-field_10-error\" required><\/div><div id=\"wpforms-6505-field_5-container\" class=\"wpforms-field wpforms-field-phone\" data-field-id=\"5\"><label class=\"wpforms-field-label\" for=\"wpforms-6505-field_5\">Tel\u00e9fono <span class=\"wpforms-required-label\" aria-hidden=\"true\">*<\/span><\/label><input type=\"tel\" id=\"wpforms-6505-field_5\" class=\"wpforms-field-medium wpforms-field-required wpforms-smart-phone-field\" data-rule-smart-phone-field=\"true\" name=\"wpforms[fields][5]\" aria-errormessage=\"wpforms-6505-field_5-error\" required><\/div><div id=\"wpforms-6505-field_9-container\" class=\"wpforms-field wpforms-field-phone\" data-field-id=\"9\"><label class=\"wpforms-field-label\" for=\"wpforms-6505-field_9\">WhatsApp<\/label><input type=\"tel\" id=\"wpforms-6505-field_9\" class=\"wpforms-field-medium wpforms-smart-phone-field\" data-rule-smart-phone-field=\"true\" name=\"wpforms[fields][9]\" aria-errormessage=\"wpforms-6505-field_9-error\" ><\/div><div id=\"wpforms-6505-field_8-container\" class=\"wpforms-field wpforms-field-url\" data-field-id=\"8\"><label class=\"wpforms-field-label\" for=\"wpforms-6505-field_8\">Web \/ URL<\/label><input type=\"url\" id=\"wpforms-6505-field_8\" class=\"wpforms-field-medium\" name=\"wpforms[fields][8]\" aria-errormessage=\"wpforms-6505-field_8-error\" ><\/div><div id=\"wpforms-6505-field_1-container\" class=\"wpforms-field wpforms-field-email\" data-field-id=\"1\"><label class=\"wpforms-field-label\" for=\"wpforms-6505-field_1\">Correo electr\u00f3nico <span class=\"wpforms-required-label\" aria-hidden=\"true\">*<\/span><\/label><input type=\"email\" id=\"wpforms-6505-field_1\" class=\"wpforms-field-medium wpforms-field-required\" name=\"wpforms[fields][1]\" spellcheck=\"false\" aria-errormessage=\"wpforms-6505-field_1-error\" required><\/div><div id=\"wpforms-6505-field_11-container\" class=\"wpforms-field wpforms-field-textarea\" data-field-id=\"11\"><label class=\"wpforms-field-label\" for=\"wpforms-6505-field_11\">Redes Sociales<\/label><textarea id=\"wpforms-6505-field_11\" class=\"wpforms-field-medium\" name=\"wpforms[fields][11]\" aria-errormessage=\"wpforms-6505-field_11-error\" aria-describedby=\"wpforms-6505-field_11-description\" ><\/textarea><div id=\"wpforms-6505-field_11-description\" class=\"wpforms-field-description\">Agregar direcci\u00f3n completa y verificada de la red socal una direcci\u00f3n por l\u00ednea.<\/div><\/div><div id=\"wpforms-6505-field_12-container\" class=\"wpforms-field wpforms-field-textarea\" data-field-id=\"12\"><label class=\"wpforms-field-label\" for=\"wpforms-6505-field_12\">Descripci\u00f3n del establecimiento y servicios <span class=\"wpforms-required-label\" aria-hidden=\"true\">*<\/span><\/label><textarea id=\"wpforms-6505-field_12\" class=\"wpforms-field-medium wpforms-field-required wpforms-limit-characters-enabled\" data-form-id=\"6505\" data-field-id=\"12\" data-text-limit=\"2000\" name=\"wpforms[fields][12]\" aria-errormessage=\"wpforms-6505-field_12-error\" aria-describedby=\"wpforms-6505-field_12-description\" maxlength=\"2000\" required><\/textarea><div id=\"wpforms-6505-field_12-description\" class=\"wpforms-field-description\">Entre 1500 y 2000 caracteres<\/div><\/div><div id=\"wpforms-6505-field_13-container\" class=\"wpforms-field wpforms-field-file-upload\" data-field-id=\"13\"><label class=\"wpforms-field-label\" for=\"wpforms-6505-field_13\">Subida de archivo <span class=\"wpforms-required-label\" aria-hidden=\"true\">*<\/span><\/label><div\n\t\tclass=\"wpforms-uploader\"\n\t\tdata-field-id=\"13\"\n\t\tdata-form-id=\"6505\"\n\t\tdata-input-name=\"wpforms_6505_13\"\n\t\tdata-extensions=\"jpg,pdf,png\"\n\t\tdata-max-size=\"134217728\"\n\t\tdata-max-file-number=\"6\"\n\t\tdata-post-max-size=\"134217728\"\n\t\tdata-max-parallel-uploads=\"4\"\n\t\tdata-parallel-uploads=\"true\"\n\t\tdata-file-chunk-size=\"2097152\">\n\t<div class=\"dz-message\">\n\t\t<svg viewBox=\"0 0 1024 1024\" focusable=\"false\" data-icon=\"inbox\" width=\"50px\" height=\"50px\" fill=\"currentColor\" aria-hidden=\"true\">\n\t\t\t<path d=\"M885.2 446.3l-.2-.8-112.2-285.1c-5-16.1-19.9-27.2-36.8-27.2H281.2c-17 0-32.1 11.3-36.9 27.6L139.4 443l-.3.7-.2.8c-1.3 4.9-1.7 9.9-1 14.8-.1 1.6-.2 3.2-.2 4.8V830a60.9 60.9 0 0 0 60.8 60.8h627.2c33.5 0 60.8-27.3 60.9-60.8V464.1c0-1.3 0-2.6-.1-3.7.4-4.9 0-9.6-1.3-14.1zm-295.8-43l-.3 15.7c-.8 44.9-31.8 75.1-77.1 75.1-22.1 0-41.1-7.1-54.8-20.6S436 441.2 435.6 419l-.3-15.7H229.5L309 210h399.2l81.7 193.3H589.4zm-375 76.8h157.3c24.3 57.1 76 90.8 140.4 90.8 33.7 0 65-9.4 90.3-27.2 22.2-15.6 39.5-37.4 50.7-63.6h156.5V814H214.4V480.1z\"><\/path>\n\t\t<\/svg>\n\t\t<span class=\"modern-title\">Haz clic o arrastra archivos a esta \u00e1rea para subirlos.<\/span>\n\n\t\t\t\t\t<span class=\"modern-hint\">Puedes subir hasta 6 archivos.<\/span>\n\t\t\t<\/div>\n<\/div>\n<input\n\t\ttype=\"text\"\n\t\tautocomplete=\"off\"\n\t\tclass=\"dropzone-input\"\n\t\tstyle=\"position:absolute!important;clip:rect(0,0,0,0)!important;height:1px!important;width:1px!important;border:0!important;overflow:hidden!important;padding:0!important;margin:0!important;\"\n\t\tid=\"wpforms-6505-field_13\"\n\t\tname=\"wpforms_6505_13\" required\t\tvalue=\"\">\n<div id=\"wpforms-6505-field_13-description\" class=\"wpforms-field-description\">Archivos de logos  fotografias:\r\nLogo en formato de vectores .ai o .png (300 px m\u00ednimo). 1 Foto principal ( 1800 px de ancho, formato .jpg)\r\n4 Fotograf\u00eda complementarias. (800 px minimo, formato.jpg). Total, m\u00e1ximo 6 archivos<\/div><\/div><\/div><!-- .wpforms-field-container --><div class=\"wpforms-submit-container\" ><input type=\"hidden\" name=\"wpforms[id]\" value=\"6505\"><input type=\"hidden\" name=\"wpforms[author]\" value=\"4\"><button type=\"submit\" name=\"wpforms[submit]\" id=\"wpforms-submit-6505\" class=\"wpforms-submit\" data-alt-text=\"Enviando...\" data-submit-text=\"Enviar\" aria-live=\"assertive\" value=\"wpforms-submit\">Enviar<\/button><img src=\"https:\/\/pomasqui.gob.ec\/pichincha\/wp-content\/plugins\/wpforms\/assets\/images\/submit-spin.svg\" class=\"wpforms-submit-spinner\" style=\"display: none;\" width=\"26\" height=\"26\" alt=\"Cargando\"><\/div><\/form><\/div>  <!-- .wpforms-container -->\n","protected":false},"excerpt":{"rendered":"Por favor, activa JavaScript en tu navegador para completar este formulario.Por favor, activa JavaScript en tu navegador para completar este formulario.Nombre de lugar \/ establecimiento *Direcci\u00f3n completa *Nombre de contacto \/ propietario \/ responsable *Tel\u00e9fono *WhatsAppWeb \/ URLCorreo electr\u00f3nico *Redes SocialesAgregar direcci\u00f3n completa y verificada de la red socal una direcci\u00f3n por l\u00ednea.Descripci\u00f3n del establecimiento &hellip;<p class=\"read-more\"> <a class=\"\" href=\"https:\/\/pomasqui.gob.ec\/pichincha\/solicitud-de-informacion-gestores-turisiticos\/\"> <span class=\"screen-reader-text\">Solicitud de Informaci\u00f3n Gestores Tur\u00edsiticos<\/span> Leer m\u00e1s \u00bb<\/a><\/p>","protected":false},"author":4,"featured_media":0,"parent":0,"menu_order":0,"comment_status":"closed","ping_status":"closed","template":"","meta":{"site-sidebar-layout":"default","site-content-layout":"","ast-site-content-layout":"default","site-content-style":"default","site-sidebar-style":"default","ast-global-header-display":"","ast-banner-title-visibility":"","ast-main-header-display":"","ast-hfb-above-header-display":"","ast-hfb-below-header-display":"disabled","ast-hfb-mobile-header-display":"","site-post-title":"","ast-breadcrumbs-content":"","ast-featured-img":"","footer-sml-layout":"","theme-transparent-header-meta":"default","adv-header-id-meta":"","stick-header-meta":"","header-above-stick-meta":"","header-main-stick-meta":"","header-below-stick-meta":"","astra-migrate-meta-layouts":"set","footnotes":""},"yst_prominent_words":[37],"_links":{"self":[{"href":"https:\/\/pomasqui.gob.ec\/pichincha\/wp-json\/wp\/v2\/pages\/6513"}],"collection":[{"href":"https:\/\/pomasqui.gob.ec\/pichincha\/wp-json\/wp\/v2\/pages"}],"about":[{"href":"https:\/\/pomasqui.gob.ec\/pichincha\/wp-json\/wp\/v2\/types\/page"}],"author":[{"embeddable":true,"href":"https:\/\/pomasqui.gob.ec\/pichincha\/wp-json\/wp\/v2\/users\/4"}],"replies":[{"embeddable":true,"href":"https:\/\/pomasqui.gob.ec\/pichincha\/wp-json\/wp\/v2\/comments?post=6513"}],"version-history":[{"count":1,"href":"https:\/\/pomasqui.gob.ec\/pichincha\/wp-json\/wp\/v2\/pages\/6513\/revisions"}],"predecessor-version":[{"id":6514,"href":"https:\/\/pomasqui.gob.ec\/pichincha\/wp-json\/wp\/v2\/pages\/6513\/revisions\/6514"}],"wp:attachment":[{"href":"https:\/\/pomasqui.gob.ec\/pichincha\/wp-json\/wp\/v2\/media?parent=6513"}],"wp:term":[{"taxonomy":"yst_prominent_words","embeddable":true,"href":"https:\/\/pomasqui.gob.ec\/pichincha\/wp-json\/wp\/v2\/yst_prominent_words?post=6513"}],"curies":[{"name":"wp","href":"https:\/\/api.w.org\/{rel}","templated":true}]}}