{"id":8240,"date":"2025-04-14T17:26:56","date_gmt":"2025-04-14T21:26:56","guid":{"rendered":"https:\/\/pomasqui.gob.ec\/pichincha\/?page_id=8240"},"modified":"2025-08-13T16:24:35","modified_gmt":"2025-08-13T20:24:35","slug":"rendicion-de-cuentas-2024","status":"publish","type":"page","link":"https:\/\/pomasqui.gob.ec\/pichincha\/rendicion-de-cuentas-2024\/","title":{"rendered":"Rendici\u00f3n de cuentas 2024"},"content":{"rendered":"<p><strong>Rendici\u00f3n de cuentas 2024<\/strong><\/p>\n<p><a href=\"https:\/\/pomasqui.gob.ec\/pichincha\/wp-content\/uploads\/2025\/04\/PDOT-Pomasqui_actualizacion-2023-2027.pdf\">PDOT-Pomasqui_actualizacion-2023-2027<\/a><\/p>\n<p><a href=\"https:\/\/pomasqui.gob.ec\/pichincha\/wp-content\/uploads\/2025\/04\/Plan-de-Campana-Irina-Mora-2023-2027.pdf\">Plan de Campa\u00f1a Irina Mora 2023-2027<\/a><\/p>\n<p><a href=\"https:\/\/pomasqui.gob.ec\/pichincha\/wp-content\/uploads\/2025\/04\/Plan-Operativo-Anual-VIGENTE-2024.pdf\">Plan Operativo Anual VIGENTE 2024<\/a><\/p>\n<p><a href=\"https:\/\/pomasqui.gob.ec\/pichincha\/wp-content\/uploads\/2025\/04\/Presupuesto-Institucional.pdf\">Presupuesto Institucional<\/a><\/p>\n<p><a href=\"https:\/\/pomasqui.gob.ec\/pichincha\/wp-content\/uploads\/2025\/04\/Presupuesto-Participativo-Municipio-de-Quito.pdf\">Presupuesto Participativo Municipio de Quito<\/a><\/p>\n<p><a href=\"https:\/\/pomasqui.gob.ec\/pichincha\/wp-content\/uploads\/2025\/04\/Presupuesto-Participativo-Prefectura-de-Pichincha.pdf\">Presupuesto Participativo Prefectura de Pichincha<\/a><\/p>\n<p><a href=\"https:\/\/pomasqui.gob.ec\/pichincha\/wp-content\/uploads\/2025\/06\/Informe-de-Rendicion-de-Cuentas-Pomasqui-2024.pdf\">Informe de Rendici\u00f3n de Cuentas Pomasqui 2024<\/a><\/p>\n<p><a href=\"https:\/\/pomasqui.gob.ec\/pichincha\/wp-content\/uploads\/2025\/08\/PLAN-DE-TRABAJO-RENDICION-DE-CUENTAS-PERIODO-2024-1.pdf\">PLAN DE TRABAJO RENDICI\u00d3N DE CUENTAS PER\u00cdODO 2024<\/a><\/p>\n<p><a href=\"https:\/\/pomasqui.gob.ec\/pichincha\/wp-content\/uploads\/2025\/08\/ACTA-DE-PRIORIZACION-DE-OBRAS-DE-PRESUPUESTOS-PARTICIPATIVOS.pdf\">ACTA DE PRIORIZACION DE OBRAS DE PRESUPUESTOS PARTICIPATIVOS<\/a><\/p>\n<p><a href=\"https:\/\/pomasqui.gob.ec\/pichincha\/wp-content\/uploads\/2024\/06\/Acta-de-conformacion-para-integrar-el-Consejo-de-Planificacion-de-la-Parroquia-Rural-de-Pomasqui.pdf\">Acta de conformaci\u00f3n para integrar el Consejo de Planificaci\u00f3n de la Parroquia Rural de Pomasqui<\/a><\/p>\n<p><a href=\"https:\/\/pomasqui.gob.ec\/pichincha\/wp-content\/uploads\/2024\/06\/Priorizacion-de-obras-GAD-POMASQUI-2023.pdf\">Priorizaci\u00f3n de obras GAD POMASQUI 2023<\/a><\/p>\n<p><a href=\"https:\/\/pomasqui.gob.ec\/pichincha\/wp-content\/uploads\/2025\/08\/PRESENTACION-DE-LA-CIUDADANIA-DE-LOS-TEMAS-SOBRE-LOS-QUE-DESEA-SER-INFORMADA.pdf\">PRESENTACI\u00d3N DE LA CIUDADAN\u00cdA DE LOS TEMAS SOBRE LOS QUE DESEA SER INFORMADA<\/a><\/p>\n<p><a href=\"https:\/\/pomasqui.gob.ec\/pichincha\/wp-content\/uploads\/2025\/08\/ACTA-DE-CONFORMACIONDE-EQUIPOS-TECNICOS-MIXTOS.pdf\">ACTA DE CONFORMACI\u00d3NDE EQUIPOS TECNICOS MIXTOS<\/a><\/p>\n<p><a href=\"https:\/\/pomasqui.gob.ec\/pichincha\/wp-content\/uploads\/2025\/08\/Evaluacion-de-la-Gestion-Institucional-ano-2024.pdf\">Evaluaci\u00f3n de la Gesti\u00f3n Institucional a\u00f1o 2024<\/a><\/p>\n<p><a href=\"https:\/\/pomasqui.gob.ec\/pichincha\/wp-content\/uploads\/2025\/08\/Informe-de-Rendicion-de-Cuentas-Pomasqui-2024.pdf\">Informe-de-Rendicion-de-Cuentas-Pomasqui-2024<\/a><\/p>\n<p><a href=\"https:\/\/pomasqui.gob.ec\/pichincha\/wp-content\/uploads\/2025\/08\/Formulario-GAD-Pomasqui-Rendicion-de-Cuentas-2024.pdf\">Formulario GAD Pomasqui Rendici\u00f3n de Cuentas 2024<\/a><\/p>\n<p><a href=\"https:\/\/pomasqui.gob.ec\/pichincha\/wp-content\/uploads\/2025\/08\/Sugerencias-y-Consultas-Ciudadanas-1.pdf\">Sugerencias y Consultas Ciudadanas<\/a><\/p>\n<p><a href=\"https:\/\/pomasqui.gob.ec\/pichincha\/wp-content\/uploads\/2025\/08\/Aprobacion-Informe-Rendicion-de-Cuentas.pdf\">Aprobaci\u00f3n Informe Rendici\u00f3n de Cuentas<\/a><\/p>\n<p><a href=\"https:\/\/pomasqui.gob.ec\/pichincha\/wp-content\/uploads\/2025\/08\/Invitacion-a-la-Deliberacion-Publica-y-Remision-del-Informe-de-Rendicion-de-Cuentas.pdf\">Invitaci\u00f3n a la Deliberaci\u00f3n P\u00fablica y Remisi\u00f3n del Informe de Rendici\u00f3n de Cuentas<\/a><\/p>\n<p><a href=\"https:\/\/pomasqui.gob.ec\/pichincha\/wp-content\/uploads\/2025\/08\/APROBACION-PLAN-DE-TRABAJO-RENDICION-DE-CUENTAS-PERIODO-2024.pdf\">APROBACI\u00d3N PLAN DE TRABAJO RENDICI\u00d3N DE CUENTAS PER\u00cdODO 2024<\/a><\/p>\n<p><a href=\"https:\/\/pomasqui.gob.ec\/pichincha\/wp-content\/uploads\/2025\/08\/EJECUCION-PRESUPUESTARIA-2024.pdf\">EJECUCION PRESUPUESTARIA 2024<\/a><\/p>\n<p><a href=\"https:\/\/pomasqui.gob.ec\/pichincha\/wp-content\/uploads\/2025\/08\/Entrega-del-Plan-de-Trabajo.pdf\">Entrega del Plan de Trabajo<\/a><\/p>\n","protected":false},"excerpt":{"rendered":"<p>Rendici\u00f3n de cuentas 2024 PDOT-Pomasqui_actualizacion-2023-2027 Plan de Campa\u00f1a Irina Mora 2023-2027 Plan Operativo Anual VIGENTE 2024 Presupuesto Institucional Presupuesto Participativo Municipio de Quito Presupuesto Participativo Prefectura de Pichincha Informe de Rendici\u00f3n de Cuentas Pomasqui 2024 PLAN DE TRABAJO RENDICI\u00d3N DE CUENTAS PER\u00cdODO 2024 ACTA DE PRIORIZACION DE OBRAS DE PRESUPUESTOS PARTICIPATIVOS Acta de conformaci\u00f3n para &hellip;<\/p>\n<p class=\"read-more\"> <a class=\"\" href=\"https:\/\/pomasqui.gob.ec\/pichincha\/rendicion-de-cuentas-2024\/\"> <span class=\"screen-reader-text\">Rendici\u00f3n de cuentas 2024<\/span> Leer m\u00e1s \u00bb<\/a><\/p>\n","protected":false},"author":4,"featured_media":0,"parent":0,"menu_order":0,"comment_status":"closed","ping_status":"closed","template":"","meta":{"site-sidebar-layout":"no-sidebar","site-content-layout":"page-builder","ast-site-content-layout":"full-width-container","site-content-style":"default","site-sidebar-style":"default","ast-global-header-display":"","ast-banner-title-visibility":"","ast-main-header-display":"","ast-hfb-above-header-display":"","ast-hfb-below-header-display":"","ast-hfb-mobile-header-display":"","site-post-title":"disabled","ast-breadcrumbs-content":"","ast-featured-img":"disabled","footer-sml-layout":"","theme-transparent-header-meta":"default","adv-header-id-meta":"","stick-header-meta":"","header-above-stick-meta":"","header-main-stick-meta":"","header-below-stick-meta":"","astra-migrate-meta-layouts":"set","footnotes":""},"yst_prominent_words":[159,245,236,161,156],"_links":{"self":[{"href":"https:\/\/pomasqui.gob.ec\/pichincha\/wp-json\/wp\/v2\/pages\/8240"}],"collection":[{"href":"https:\/\/pomasqui.gob.ec\/pichincha\/wp-json\/wp\/v2\/pages"}],"about":[{"href":"https:\/\/pomasqui.gob.ec\/pichincha\/wp-json\/wp\/v2\/types\/page"}],"author":[{"embeddable":true,"href":"https:\/\/pomasqui.gob.ec\/pichincha\/wp-json\/wp\/v2\/users\/4"}],"replies":[{"embeddable":true,"href":"https:\/\/pomasqui.gob.ec\/pichincha\/wp-json\/wp\/v2\/comments?post=8240"}],"version-history":[{"count":21,"href":"https:\/\/pomasqui.gob.ec\/pichincha\/wp-json\/wp\/v2\/pages\/8240\/revisions"}],"predecessor-version":[{"id":8330,"href":"https:\/\/pomasqui.gob.ec\/pichincha\/wp-json\/wp\/v2\/pages\/8240\/revisions\/8330"}],"wp:attachment":[{"href":"https:\/\/pomasqui.gob.ec\/pichincha\/wp-json\/wp\/v2\/media?parent=8240"}],"wp:term":[{"taxonomy":"yst_prominent_words","embeddable":true,"href":"https:\/\/pomasqui.gob.ec\/pichincha\/wp-json\/wp\/v2\/yst_prominent_words?post=8240"}],"curies":[{"name":"wp","href":"https:\/\/api.w.org\/{rel}","templated":true}]}}