{"id":925,"date":"2018-02-20T19:50:21","date_gmt":"2018-02-20T23:50:21","guid":{"rendered":"https:\/\/pomasqui.gob.ec\/pichincha\/?page_id=925"},"modified":"2018-02-20T19:50:21","modified_gmt":"2018-02-20T23:50:21","slug":"rendicion-de-cuentas-2018-2","status":"publish","type":"page","link":"https:\/\/pomasqui.gob.ec\/pichincha\/rendicion-de-cuentas-2018-2\/","title":{"rendered":"Rendici\u00f3n de Cuentas 2018"},"content":{"rendered":"<section class=\"wpb-content-wrapper\"><p>[vc_row][vc_column][vc_accordion collapsible=\u00bb\u00bb disable_keyboard=\u00bb\u00bb][vc_accordion_tab title=\u00bbFASES DE LA RENDICION DE CUENTAS\u00bb][vc_wp_text]Click en la fase a consultar<\/p>\n<p>[\/vc_wp_text][\/vc_accordion_tab][vc_accordion_tab title=\u00bbFase 1&#8243;][vc_wp_text]<\/p>\n<h3>FASE 1:<\/h3>\n<ul>\n<li>\n<h3>Mapeo de actores<\/h3>\n<\/li>\n<\/ul>\n<p>&nbsp;<\/p>\n<ul>\n<li>\n<h3>Consulta<\/h3>\n<\/li>\n<\/ul>\n<p>&nbsp;<\/p>\n<ul>\n<li>\n<h3>Entrega de temas al GAD<\/h3>\n<\/li>\n<\/ul>\n<p>&nbsp;<\/p>\n<p>[\/vc_wp_text][\/vc_accordion_tab][vc_accordion_tab title=\u00bbFase 2&#8243;][vc_wp_text]<\/p>\n<h3>FASE 2:<\/h3>\n<ul>\n<li>\n<h3>Seguimiento a la entrega del informe a la ciudadan\u00eda<\/h3>\n<\/li>\n<\/ul>\n<p>&nbsp;<\/p>\n<p>[\/vc_wp_text][\/vc_accordion_tab][vc_accordion_tab title=\u00bbFase 3&#8243;][vc_wp_text]<\/p>\n<h3>FASE 3:<\/h3>\n<ul>\n<li>\n<h3>Evaluaci\u00f3n ciudadana al informe de rendici\u00f3n de cuentas<\/h3>\n<\/li>\n<\/ul>\n<p>&nbsp;<\/p>\n<ul>\n<li>\n<h3>Seguimiento al proceso de convocatoria a la deliberaci\u00f3n p\u00fablica<\/h3>\n<\/li>\n<\/ul>\n<p>&nbsp;<\/p>\n<ul>\n<li>\n<h3>Participaci\u00f3n en la deliberaci\u00f3n p\u00fablica<\/h3>\n<\/li>\n<\/ul>\n<p>&nbsp;<\/p>\n<ul>\n<li>\n<h3>Mesas de Trabajo<\/h3>\n<\/li>\n<\/ul>\n<p>[\/vc_wp_text][\/vc_accordion_tab][vc_accordion_tab title=\u00bbFase 4&#8243;][vc_wp_text]<\/p>\n<h3>FASE 4:<\/h3>\n<ul>\n<li>\n<h3>Seguimiento a la incorporaci\u00f3n de la opini\u00f3n ciudadana<\/h3>\n<\/li>\n<\/ul>\n<p>&nbsp;<\/p>\n<p>[\/vc_wp_text][\/vc_accordion_tab][\/vc_accordion][vc_column_text][\/vc_column_text][\/vc_column][\/vc_row]<\/p>\n<\/section>","protected":false},"excerpt":{"rendered":"<p>[vc_row][vc_column][vc_accordion collapsible=\u00bb\u00bb disable_keyboard=\u00bb\u00bb][vc_accordion_tab title=\u00bbFASES DE LA RENDICION DE CUENTAS\u00bb][vc_wp_text]Click en la fase a consultar [\/vc_wp_text][\/vc_accordion_tab][vc_accordion_tab title=\u00bbFase 1&#8243;][vc_wp_text] FASE 1: Mapeo de actores &nbsp; Consulta &nbsp; Entrega de temas al GAD &nbsp; [\/vc_wp_text][\/vc_accordion_tab][vc_accordion_tab title=\u00bbFase 2&#8243;][vc_wp_text] FASE 2: Seguimiento a la entrega del informe a la ciudadan\u00eda &nbsp; [\/vc_wp_text][\/vc_accordion_tab][vc_accordion_tab title=\u00bbFase 3&#8243;][vc_wp_text] FASE 3: Evaluaci\u00f3n ciudadana al informe &hellip;<\/p>\n<p class=\"read-more\"> <a class=\"\" href=\"https:\/\/pomasqui.gob.ec\/pichincha\/rendicion-de-cuentas-2018-2\/\"> <span class=\"screen-reader-text\">Rendici\u00f3n de Cuentas 2018<\/span> Leer m\u00e1s \u00bb<\/a><\/p>\n","protected":false},"author":4,"featured_media":0,"parent":0,"menu_order":0,"comment_status":"closed","ping_status":"closed","template":"","meta":{"site-sidebar-layout":"default","site-content-layout":"","ast-site-content-layout":"","site-content-style":"default","site-sidebar-style":"default","ast-global-header-display":"","ast-banner-title-visibility":"","ast-main-header-display":"","ast-hfb-above-header-display":"","ast-hfb-below-header-display":"","ast-hfb-mobile-header-display":"","site-post-title":"","ast-breadcrumbs-content":"","ast-featured-img":"","footer-sml-layout":"","theme-transparent-header-meta":"","adv-header-id-meta":"","stick-header-meta":"","header-above-stick-meta":"","header-main-stick-meta":"","header-below-stick-meta":"","astra-migrate-meta-layouts":"","footnotes":""},"yst_prominent_words":[153,154,148,151,149,152,155,150],"_links":{"self":[{"href":"https:\/\/pomasqui.gob.ec\/pichincha\/wp-json\/wp\/v2\/pages\/925"}],"collection":[{"href":"https:\/\/pomasqui.gob.ec\/pichincha\/wp-json\/wp\/v2\/pages"}],"about":[{"href":"https:\/\/pomasqui.gob.ec\/pichincha\/wp-json\/wp\/v2\/types\/page"}],"author":[{"embeddable":true,"href":"https:\/\/pomasqui.gob.ec\/pichincha\/wp-json\/wp\/v2\/users\/4"}],"replies":[{"embeddable":true,"href":"https:\/\/pomasqui.gob.ec\/pichincha\/wp-json\/wp\/v2\/comments?post=925"}],"version-history":[{"count":1,"href":"https:\/\/pomasqui.gob.ec\/pichincha\/wp-json\/wp\/v2\/pages\/925\/revisions"}],"predecessor-version":[{"id":926,"href":"https:\/\/pomasqui.gob.ec\/pichincha\/wp-json\/wp\/v2\/pages\/925\/revisions\/926"}],"wp:attachment":[{"href":"https:\/\/pomasqui.gob.ec\/pichincha\/wp-json\/wp\/v2\/media?parent=925"}],"wp:term":[{"taxonomy":"yst_prominent_words","embeddable":true,"href":"https:\/\/pomasqui.gob.ec\/pichincha\/wp-json\/wp\/v2\/yst_prominent_words?post=925"}],"curies":[{"name":"wp","href":"https:\/\/api.w.org\/{rel}","templated":true}]}}